{"id":1008,"date":"2022-04-25T20:47:08","date_gmt":"2022-04-25T20:47:08","guid":{"rendered":"https:\/\/if.com.tr\/?page_id=1008"},"modified":"2022-12-22T10:58:17","modified_gmt":"2022-12-22T10:58:17","slug":"takim-2","status":"publish","type":"page","link":"https:\/\/if.com.tr\/index.php\/tr\/takim-2\/","title":{"rendered":"Tak\u0131m"},"content":{"rendered":"<div id=\"pl-gb1008-69dc27c94b270\"  class=\"panel-layout\" ><div id=\"pg-gb1008-69dc27c94b270-0\"  class=\"panel-grid panel-no-style\" ><div id=\"pgc-gb1008-69dc27c94b270-0-0\"  class=\"panel-grid-cell panel-grid-cell-empty\" ><\/div><div id=\"pgc-gb1008-69dc27c94b270-0-1\"  class=\"panel-grid-cell\" ><div id=\"panel-gb1008-69dc27c94b270-0-1-0\" class=\"so-panel widget widget_sow-image panel-first-child\" data-index=\"0\" ><div\n\t\t\t\n\t\t\tclass=\"so-widget-sow-image so-widget-sow-image-default-8b5b6f678277-1008\"\n\t\t\t\n\t\t>\n<div class=\"sow-image-container\">\n\t\t<img \n\tsrc=\"https:\/\/if.com.tr\/wp-content\/uploads\/2022\/04\/Orhan-Karadog\u0306an.jpeg\" width=\"117\" height=\"150\" srcset=\"https:\/\/if.com.tr\/wp-content\/uploads\/2022\/04\/Orhan-Karadog\u0306an.jpeg 761w, https:\/\/if.com.tr\/wp-content\/uploads\/2022\/04\/Orhan-Karadog\u0306an-233x300.jpeg 233w\" sizes=\"(max-width: 117px) 100vw, 117px\" title=\"Orhan Karadog\u0306an\" alt=\"\" \t\tclass=\"so-widget-image\"\/>\n\t<\/div>\n\n<\/div><\/div><div id=\"panel-gb1008-69dc27c94b270-0-1-1\" class=\"so-panel widget widget_sow-editor panel-last-child\" data-index=\"1\" ><div\n\t\t\t\n\t\t\tclass=\"so-widget-sow-editor so-widget-sow-editor-base\"\n\t\t\t\n\t\t>\n<div class=\"siteorigin-widget-tinymce textwidget\">\n\t<h4 class=\"p1\">Orhan Karadogan<\/h4>\n<p>CEO<\/p>\n<p class=\"p1\"><span style=\"font-size: 10pt;\">BSEE 1975 , METU<\/span><\/p>\n<p class=\"p1\"><span style=\"font-size: 10pt;\">MSEE 1978 , METU<\/span><\/p>\n<p><span style=\"font-size: 10pt;\">1981 den beri Raytheon, Diebold, Gartner Group, Meta ve son olarak MEIR in i\u015f geli\u015ftirmesini yapmaktad\u0131r.<\/span><\/p>\n<p class=\"p1\"><span style=\"font-size: 10pt;\">T\u00fcrk\u00e7e, \u0130ngilizce ak\u0131c\u0131 ve ayr\u0131ca Frans\u0131zca, Almanca ve Arap\u00e7a konu\u015fmaktad\u0131r.<\/span><\/p>\n<\/div>\n<\/div><\/div><\/div><div id=\"pgc-gb1008-69dc27c94b270-0-2\"  class=\"panel-grid-cell\" ><div id=\"panel-gb1008-69dc27c94b270-0-2-0\" class=\"so-panel widget widget_sow-image panel-first-child\" data-index=\"2\" ><div\n\t\t\t\n\t\t\tclass=\"so-widget-sow-image so-widget-sow-image-default-8b5b6f678277-1008\"\n\t\t\t\n\t\t>\n<div class=\"sow-image-container\">\n\t\t<img \n\tsrc=\"https:\/\/if.com.tr\/wp-content\/uploads\/2022\/04\/Turgay-Sarac\u0327og\u0306lu.jpeg\" width=\"134\" height=\"150\" srcset=\"https:\/\/if.com.tr\/wp-content\/uploads\/2022\/04\/Turgay-Sarac\u0327og\u0306lu.jpeg 761w, https:\/\/if.com.tr\/wp-content\/uploads\/2022\/04\/Turgay-Sarac\u0327og\u0306lu-268x300.jpeg 268w\" sizes=\"(max-width: 134px) 100vw, 134px\" title=\"Turgay Sarac\u0327og\u0306lu\" alt=\"\" \t\tclass=\"so-widget-image\"\/>\n\t<\/div>\n\n<\/div><\/div><div id=\"panel-gb1008-69dc27c94b270-0-2-1\" class=\"so-panel widget widget_sow-editor panel-last-child\" data-index=\"3\" ><div\n\t\t\t\n\t\t\tclass=\"so-widget-sow-editor so-widget-sow-editor-base\"\n\t\t\t\n\t\t>\n<div class=\"siteorigin-widget-tinymce textwidget\">\n\t<h4>Turgay Saracoglu<\/h4>\n<p>COO<\/p>\n<p class=\"p1\"><span style=\"font-size: 10pt;\">METU (Middle East Technical University) Electrical Engineering &#8211; 1979.<\/span><\/p>\n<p><span style=\"font-size: 10pt;\">Suudi Arabistan&#8217;da Raytheon Data System, Saudia Airlines ve Alhamrani Universal \u015firketlerinde \u00e7al\u0131\u015ft\u0131. Kariyerine iF Elektronik Ltd.&#8217;de Gartner dan\u0131\u015fman\u0131 olarak devam etti.<\/span><\/p>\n<p><span style=\"font-size: 10pt;\">Ak\u0131c\u0131 olarak T\u00fcrk\u00e7e ve \u0130ngilizce, giri\u015f seviyesinde Fransizca konu\u015fmaktad\u0131r.\u00a0<\/span><\/p>\n<p class=\"p1\">\n<\/div>\n<\/div><\/div><\/div><div id=\"pgc-gb1008-69dc27c94b270-0-3\"  class=\"panel-grid-cell\" ><div id=\"panel-gb1008-69dc27c94b270-0-3-0\" class=\"so-panel widget widget_sow-image panel-first-child\" data-index=\"4\" ><div\n\t\t\t\n\t\t\tclass=\"so-widget-sow-image so-widget-sow-image-default-8b5b6f678277-1008\"\n\t\t\t\n\t\t>\n<div class=\"sow-image-container\">\n\t\t<img \n\tsrc=\"https:\/\/if.com.tr\/wp-content\/uploads\/2022\/04\/Cahit-Terziog\u0306lu.jpg\" width=\"116\" height=\"150\" srcset=\"https:\/\/if.com.tr\/wp-content\/uploads\/2022\/04\/Cahit-Terziog\u0306lu.jpg 494w, https:\/\/if.com.tr\/wp-content\/uploads\/2022\/04\/Cahit-Terziog\u0306lu-232x300.jpg 232w\" sizes=\"(max-width: 116px) 100vw, 116px\" title=\"Cahit Terziog\u0306lu\" alt=\"\" \t\tclass=\"so-widget-image\"\/>\n\t<\/div>\n\n<\/div><\/div><div id=\"panel-gb1008-69dc27c94b270-0-3-1\" class=\"so-panel widget widget_sow-editor panel-last-child\" data-index=\"5\" ><div\n\t\t\t\n\t\t\tclass=\"so-widget-sow-editor so-widget-sow-editor-base\"\n\t\t\t\n\t\t>\n<div class=\"siteorigin-widget-tinymce textwidget\">\n\t<h4 class=\"p1\">Cahit Terzioglu<\/h4>\n<p>\u0130stanbul B\u00f6lge M\u00fcd\u00fcr\u00fc<\/p>\n<p class=\"p1\"><span style=\"font-size: 10pt;\">Computer Engineer, BS (1986) &amp; MS (1989) (Y\u0131ld\u0131z Technical University)<\/span><\/p>\n<p><span style=\"font-size: 10pt;\">Y\u0131ld\u0131z Teknik \u00dcniversitesi, Yap\u0131 Kredi Bankas\u0131, Ko\u00e7finans, Banca Turco Romana-Romanya, Turkcell ve Avea, dan\u0131\u015fman olarak Vodafone ve MPT Telekom Myammar da \u00e7al\u0131\u015ft\u0131. Bankac\u0131l\u0131k, telekom\u00fcnikasyon ve Y\u00f6netim Dan\u0131\u015fmanl\u0131\u011f\u0131nda uzmanla\u015fm\u0131\u015ft\u0131r.<\/span><\/p>\n<p><span style=\"font-size: 10pt;\">Ak\u0131c\u0131 olarak T\u00fcrk\u00e7e ve \u0130ngilizce konu\u015fmaktad\u0131r.<\/span><\/p>\n<p class=\"p1\">\n<\/div>\n<\/div><\/div><\/div><div id=\"pgc-gb1008-69dc27c94b270-0-4\"  class=\"panel-grid-cell panel-grid-cell-mobile-last\" ><div id=\"panel-gb1008-69dc27c94b270-0-4-0\" class=\"so-panel widget widget_sow-image panel-first-child\" data-index=\"6\" ><div\n\t\t\t\n\t\t\tclass=\"so-widget-sow-image so-widget-sow-image-default-8b5b6f678277-1008\"\n\t\t\t\n\t\t>\n<div class=\"sow-image-container\">\n\t\t<img \n\tsrc=\"https:\/\/if.com.tr\/wp-content\/uploads\/2022\/04\/Tanju-Karasoy.jpeg\" width=\"118\" height=\"150\" srcset=\"https:\/\/if.com.tr\/wp-content\/uploads\/2022\/04\/Tanju-Karasoy.jpeg 761w, https:\/\/if.com.tr\/wp-content\/uploads\/2022\/04\/Tanju-Karasoy-237x300.jpeg 237w\" sizes=\"(max-width: 118px) 100vw, 118px\" title=\"Tanju Karasoy\" alt=\"\" \t\tclass=\"so-widget-image\"\/>\n\t<\/div>\n\n<\/div><\/div><div id=\"panel-gb1008-69dc27c94b270-0-4-1\" class=\"so-panel widget widget_sow-editor panel-last-child\" data-index=\"7\" ><div\n\t\t\t\n\t\t\tclass=\"so-widget-sow-editor so-widget-sow-editor-base\"\n\t\t\t\n\t\t>\n<div class=\"siteorigin-widget-tinymce textwidget\">\n\t<h4 class=\"p1\">Tanju Karasoy<\/h4>\n<p>\u0130zmir B\u00f6lge M\u00fcd\u00fcr\u00fc<\/p>\n<p class=\"p1\"><span style=\"font-size: 10pt;\">METU EE in 1981, MSc degree in 1984.<\/span><\/p>\n<p><span style=\"font-size: 10pt;\">Suudi Arabistan&#8217;da Raytheon Data Systems&#8217;de, Romar A.\u015e. \u00e7al\u0131\u015ft\u0131. Egebilser kurucusu olarak 1992&#8217;den beri \u00e7al\u0131\u015fmaktad\u0131r.<\/span><\/p>\n<p><span style=\"font-size: 10pt;\">Ak\u0131c\u0131 T\u00fcrk\u00e7e ve \u0130ngilizce konu\u015fmaktad\u0131r.<\/span><\/p>\n<p class=\"p1\">\n<\/div>\n<\/div><\/div><\/div><div id=\"pgc-gb1008-69dc27c94b270-0-5\"  class=\"panel-grid-cell panel-grid-cell-empty\" ><\/div><\/div><div id=\"pg-gb1008-69dc27c94b270-1\"  class=\"panel-grid panel-no-style\" ><div id=\"pgc-gb1008-69dc27c94b270-1-0\"  class=\"panel-grid-cell panel-grid-cell-empty\" ><\/div><div id=\"pgc-gb1008-69dc27c94b270-1-1\"  class=\"panel-grid-cell\" ><div id=\"panel-gb1008-69dc27c94b270-1-1-0\" class=\"so-panel widget widget_sow-image panel-first-child\" data-index=\"8\" ><div\n\t\t\t\n\t\t\tclass=\"so-widget-sow-image so-widget-sow-image-default-8b5b6f678277-1008\"\n\t\t\t\n\t\t>\n<div class=\"sow-image-container\">\n\t\t<img \n\tsrc=\"https:\/\/if.com.tr\/wp-content\/uploads\/2022\/04\/Murat-Kutluoglu.jpeg\" width=\"116\" height=\"150\" srcset=\"https:\/\/if.com.tr\/wp-content\/uploads\/2022\/04\/Murat-Kutluoglu.jpeg 790w, https:\/\/if.com.tr\/wp-content\/uploads\/2022\/04\/Murat-Kutluoglu-231x300.jpeg 231w, https:\/\/if.com.tr\/wp-content\/uploads\/2022\/04\/Murat-Kutluoglu-768x995.jpeg 768w\" sizes=\"(max-width: 116px) 100vw, 116px\" title=\"Murat Kutluoglu\" alt=\"\" \t\tclass=\"so-widget-image\"\/>\n\t<\/div>\n\n<\/div><\/div><div id=\"panel-gb1008-69dc27c94b270-1-1-1\" class=\"so-panel widget widget_sow-editor panel-last-child\" data-index=\"9\" ><div\n\t\t\t\n\t\t\tclass=\"so-widget-sow-editor so-widget-sow-editor-base\"\n\t\t\t\n\t\t>\n<div class=\"siteorigin-widget-tinymce textwidget\">\n\t<h4 class=\"p1\">Murat Kutluoglu<\/h4>\n<p>Do\u011fu Afrika Koordinat\u00f6r\u00fc<\/p>\n<p class=\"p1\"><span style=\"font-size: 10pt;\">Marmara University Economics faculty.<\/span><\/p>\n<p><span style=\"font-size: 10pt;\">25 y\u0131ldan fazlad\u0131r Siemens, Nokia Siemens Networks, Huawei ve LCC Tech Mahindra&#8217;da servis sat\u0131\u015f\u0131 ve y\u00f6netiminde \u00e7al\u0131\u015fm\u0131\u015ft\u0131r.<\/span><\/p>\n<p><span style=\"font-size: 10pt;\">Ak\u0131c\u0131 olrak T\u00fcrk\u00e7e ve \u0130ngilizce, giri\u015f seviyesinde Almanca konu\u015fmaktad\u0131r.<\/span><\/p>\n<p class=\"p1\">\n<\/div>\n<\/div><\/div><\/div><div id=\"pgc-gb1008-69dc27c94b270-1-2\"  class=\"panel-grid-cell\" ><div id=\"panel-gb1008-69dc27c94b270-1-2-0\" class=\"so-panel widget widget_sow-image panel-first-child\" data-index=\"10\" ><div\n\t\t\t\n\t\t\tclass=\"so-widget-sow-image so-widget-sow-image-default-8b5b6f678277-1008\"\n\t\t\t\n\t\t>\n<div class=\"sow-image-container\">\n\t\t<img \n\tsrc=\"https:\/\/if.com.tr\/wp-content\/uploads\/2022\/04\/Selim-Levent.jpeg\" width=\"99\" height=\"150\" srcset=\"https:\/\/if.com.tr\/wp-content\/uploads\/2022\/04\/Selim-Levent.jpeg 678w, https:\/\/if.com.tr\/wp-content\/uploads\/2022\/04\/Selim-Levent-199x300.jpeg 199w\" sizes=\"(max-width: 99px) 100vw, 99px\" title=\"Selim Levent\" alt=\"\" \t\tclass=\"so-widget-image\"\/>\n\t<\/div>\n\n<\/div><\/div><div id=\"panel-gb1008-69dc27c94b270-1-2-1\" class=\"so-panel widget widget_sow-editor panel-last-child\" data-index=\"11\" ><div\n\t\t\t\n\t\t\tclass=\"so-widget-sow-editor so-widget-sow-editor-base\"\n\t\t\t\n\t\t>\n<div class=\"siteorigin-widget-tinymce textwidget\">\n\t<h4 class=\"p1\">Selim Levent<\/h4>\n<p>Bat\u0131 Afrika Koordinat\u00f6r\u00fc<\/p>\n<p class=\"p1\"><span style=\"font-size: 10pt;\">Mechanical Engineer, Middle East Technical University, 1992. <\/span><\/p>\n<p><span style=\"font-size: 10pt;\">Kariyerine Ar\u00e7elik&#8217;te ba\u015flam\u0131\u015ft\u0131r. 20 y\u0131ldan fazla Fransa&#8217;da Aluminium Group Pechiney ve Steel Group Arcelor Mittal de \u00e7al\u0131\u015fm\u0131\u015ft\u0131r.<\/span><\/p>\n<p><span style=\"font-size: 10pt;\">Ak\u0131c\u0131 olarak T\u00fcrk\u00e7e, Frans\u0131zca, \u0130ngilizce, giri\u015f seviyesinde Almanca ve \u0130talyanca konu\u015fmaktad\u0131r.<\/span><\/p>\n<p class=\"p1\">\n<\/div>\n<\/div><\/div><\/div><div id=\"pgc-gb1008-69dc27c94b270-1-3\"  class=\"panel-grid-cell\" ><div id=\"panel-gb1008-69dc27c94b270-1-3-0\" class=\"so-panel widget widget_sow-image panel-first-child\" data-index=\"12\" ><div\n\t\t\t\n\t\t\tclass=\"so-widget-sow-image so-widget-sow-image-default-8b5b6f678277-1008\"\n\t\t\t\n\t\t>\n<div class=\"sow-image-container\">\n\t\t<img \n\tsrc=\"https:\/\/if.com.tr\/wp-content\/uploads\/2022\/04\/Rahmet-I\u0307nal.jpeg\" width=\"128\" height=\"150\" srcset=\"https:\/\/if.com.tr\/wp-content\/uploads\/2022\/04\/Rahmet-I\u0307nal.jpeg 761w, https:\/\/if.com.tr\/wp-content\/uploads\/2022\/04\/Rahmet-I\u0307nal-255x300.jpeg 255w\" sizes=\"(max-width: 128px) 100vw, 128px\" title=\"Rahmet I\u0307nal\" alt=\"\" \t\tclass=\"so-widget-image\"\/>\n\t<\/div>\n\n<\/div><\/div><div id=\"panel-gb1008-69dc27c94b270-1-3-1\" class=\"so-panel widget widget_sow-editor panel-last-child\" data-index=\"13\" ><div\n\t\t\t\n\t\t\tclass=\"so-widget-sow-editor so-widget-sow-editor-base\"\n\t\t\t\n\t\t>\n<div class=\"siteorigin-widget-tinymce textwidget\">\n\t<h4 class=\"p1\">Rahmet Inal<\/h4>\n<p class=\"p1\">CEO Dan\u0131\u015fman\u0131<\/p>\n<p><span style=\"font-size: 10pt;\">Orta Do\u011fu Teknik \u00dcniversitesi<\/span><\/p>\n<\/div>\n<\/div><\/div><\/div><div id=\"pgc-gb1008-69dc27c94b270-1-4\"  class=\"panel-grid-cell panel-grid-cell-mobile-last\" ><div id=\"panel-gb1008-69dc27c94b270-1-4-0\" class=\"so-panel widget widget_sow-image panel-first-child\" data-index=\"14\" ><div\n\t\t\t\n\t\t\tclass=\"so-widget-sow-image so-widget-sow-image-default-8b5b6f678277-1008\"\n\t\t\t\n\t\t>\n<div class=\"sow-image-container\">\n\t\t<img \n\tsrc=\"https:\/\/if.com.tr\/wp-content\/uploads\/2022\/12\/Fuat-Ertuzun.png\" width=\"125\" height=\"150\" sizes=\"(max-width: 125px) 100vw, 125px\" title=\"Fuat Ert\u00fcz\u00fcn\" alt=\"\" \t\tclass=\"so-widget-image\"\/>\n\t<\/div>\n\n<\/div><\/div><div id=\"panel-gb1008-69dc27c94b270-1-4-1\" class=\"so-panel widget widget_sow-editor panel-last-child\" data-index=\"15\" ><div\n\t\t\t\n\t\t\tclass=\"so-widget-sow-editor so-widget-sow-editor-base\"\n\t\t\t\n\t\t>\n<div class=\"siteorigin-widget-tinymce textwidget\">\n\t<h4 class=\"p1\">Fuat Ert\u00fcz\u00fcn<\/h4>\n<p class=\"p1\">K\u0131demli Telekom M\u00fcd\u00fcr\u00fc<\/p>\n<p><span style=\"font-size: 10pt;\">Bo\u011fazi\u00e7i \u00dcniversitesi, BS (1981) &amp; MS (1984), Elektrik\/Elektronik M\u00fchendisli\u011fi<\/span><\/p>\n<p><span style=\"font-size: 10pt;\">Bilgi Sistemleri Y\u00f6neticisi olarak Avea, Turkcell\u2019de , dan\u0131\u015fman olarak Vodafone ve MPT Telecom Myammar da ve \u00f6ncesinde \u0130stanbul Menkul K\u0131ymetler Borsas\u0131, Interbank ve NETA\u015e (Northern Telekom T\u00fcrkiye) deneyimi vard\u0131r. \u00a0<\/span><\/p>\n<p><span style=\"font-size: 10pt;\">Bilgi Sistemleri Stratejisti olarak Telekom\/Finans\/\u00dcretim sekt\u00f6rlerinde b\u00fcy\u00fck organizasyonlar\u0131n dijital d\u00f6n\u00fc\u015f\u00fcm, \u00fcr\u00fcn geli\u015ftirme&amp;y\u00f6netimi, operat\u00f6r kurulu\u015fu ile Teknoloji ve \u0130\u015f hedeflerinin uyumlu hale getirilmesinde dan\u0131\u015fmanl\u0131k yapmaktad\u0131r<\/span><\/p>\n<p><span style=\"font-size: 10pt;\">Ak\u0131c\u0131 T\u00fcrk\u00e7e, \u0130ngilizce-Frans\u0131zca, giri\u015f seviyeside \u0130talyanca-\u0130spanyolca konu\u015fmaktad\u0131r.<\/span><\/p>\n<\/div>\n<\/div><\/div><\/div><div id=\"pgc-gb1008-69dc27c94b270-1-5\"  class=\"panel-grid-cell panel-grid-cell-empty\" ><\/div><\/div><div id=\"pg-gb1008-69dc27c94b270-2\"  class=\"panel-grid panel-no-style\" ><div id=\"pgc-gb1008-69dc27c94b270-2-0\"  class=\"panel-grid-cell panel-grid-cell-empty\" ><\/div><div id=\"pgc-gb1008-69dc27c94b270-2-1\"  class=\"panel-grid-cell\" ><div id=\"panel-gb1008-69dc27c94b270-2-1-0\" class=\"so-panel widget widget_sow-image panel-first-child\" data-index=\"16\" ><div\n\t\t\t\n\t\t\tclass=\"so-widget-sow-image so-widget-sow-image-default-8b5b6f678277-1008\"\n\t\t\t\n\t\t>\n<div class=\"sow-image-container\">\n\t\t<img \n\tsrc=\"https:\/\/if.com.tr\/wp-content\/uploads\/2022\/12\/Muzaffer-Yuner.jpg\" width=\"107\" height=\"150\" srcset=\"https:\/\/if.com.tr\/wp-content\/uploads\/2022\/12\/Muzaffer-Yuner.jpg 380w, https:\/\/if.com.tr\/wp-content\/uploads\/2022\/12\/Muzaffer-Yuner-213x300.jpg 213w\" sizes=\"(max-width: 107px) 100vw, 107px\" title=\"Muzaffer Y\u00fcner\" alt=\"\" \t\tclass=\"so-widget-image\"\/>\n\t<\/div>\n\n<\/div><\/div><div id=\"panel-gb1008-69dc27c94b270-2-1-1\" class=\"so-panel widget widget_sow-editor panel-last-child\" data-index=\"17\" ><div\n\t\t\t\n\t\t\tclass=\"so-widget-sow-editor so-widget-sow-editor-base\"\n\t\t\t\n\t\t>\n<div class=\"siteorigin-widget-tinymce textwidget\">\n\t<h4 class=\"p1\">Muzaffer Y\u00fcner<\/h4>\n<p>K\u0131demli Network M\u00fcd\u00fcr\u00fc<\/p>\n<p><span style=\"font-size: 10pt;\">\u0130stanbul Teknik \u00dcniversitesi Elektronik M\u00fchendisi (1984)<\/span><\/p>\n<p><span style=\"font-size: 10pt;\">Telekom\u00fcnikasyon sekt\u00f6r\u00fc ve network sistemleri \u00fczerine \u00e7al\u0131\u015ft\u0131.<\/span><br \/>\n<span style=\"font-size: 10pt;\">A\u011f ve \u00f6deme sistemleri konusunda uzmand\u0131r.<\/span><\/p>\n<p><span style=\"font-size: 10pt;\">\u0130yi derecede T\u00fcrk\u00e7e ve \u0130ngilizce konu\u015fma ve yazma bilmektedir.<\/span><\/p>\n<p class=\"p1\">\n<\/div>\n<\/div><\/div><\/div><div id=\"pgc-gb1008-69dc27c94b270-2-2\"  class=\"panel-grid-cell panel-grid-cell-empty\" ><\/div><div id=\"pgc-gb1008-69dc27c94b270-2-3\"  class=\"panel-grid-cell panel-grid-cell-empty\" ><\/div><div id=\"pgc-gb1008-69dc27c94b270-2-4\"  class=\"panel-grid-cell panel-grid-cell-empty panel-grid-cell-mobile-last\" ><\/div><div id=\"pgc-gb1008-69dc27c94b270-2-5\"  class=\"panel-grid-cell panel-grid-cell-empty\" ><\/div><\/div><\/div>","protected":false},"excerpt":{"rendered":"<p>Orhan Karadogan CEO BSEE 1975 , METU MSEE 1978 , METU 1981 den beri Raytheon, Diebold, Gartner Group, Meta ve son olarak MEIR in i\u015f&hellip;<\/p>\n","protected":false},"author":1,"featured_media":0,"parent":0,"menu_order":0,"comment_status":"closed","ping_status":"closed","template":"","meta":{"footnotes":""},"class_list":["post-1008","page","type-page","status-publish","hentry"],"yoast_head":"<!-- This site is optimized with the Yoast SEO plugin v27.3 - https:\/\/yoast.com\/product\/yoast-seo-wordpress\/ -->\n<title>Tak\u0131m -<\/title>\n<meta name=\"robots\" content=\"index, follow, max-snippet:-1, max-image-preview:large, max-video-preview:-1\" \/>\n<link rel=\"canonical\" href=\"https:\/\/if.com.tr\/index.php\/tr\/takim-2\/\" \/>\n<meta property=\"og:locale\" content=\"tr_TR\" \/>\n<meta property=\"og:type\" content=\"article\" \/>\n<meta property=\"og:title\" content=\"Tak\u0131m -\" \/>\n<meta property=\"og:description\" content=\"Orhan Karadogan CEO BSEE 1975 , METU MSEE 1978 , METU 1981 den beri Raytheon, Diebold, Gartner Group, Meta ve son olarak MEIR in i\u015f&hellip;\" \/>\n<meta property=\"og:url\" content=\"https:\/\/if.com.tr\/index.php\/tr\/takim-2\/\" \/>\n<meta property=\"article:modified_time\" content=\"2022-12-22T10:58:17+00:00\" \/>\n<meta property=\"og:image\" content=\"https:\/\/if.com.tr\/wp-content\/uploads\/2022\/04\/Tanju-Karasoy.jpeg\" \/>\n<meta name=\"twitter:card\" content=\"summary_large_image\" \/>\n<meta name=\"twitter:label1\" content=\"Tahmini okuma s\u00fcresi\" \/>\n\t<meta name=\"twitter:data1\" content=\"5 dakika\" \/>\n<script type=\"application\/ld+json\" class=\"yoast-schema-graph\">{\"@context\":\"https:\\\/\\\/schema.org\",\"@graph\":[{\"@type\":\"WebPage\",\"@id\":\"https:\\\/\\\/if.com.tr\\\/index.php\\\/tr\\\/takim-2\\\/\",\"url\":\"https:\\\/\\\/if.com.tr\\\/index.php\\\/tr\\\/takim-2\\\/\",\"name\":\"Tak\u0131m -\",\"isPartOf\":{\"@id\":\"https:\\\/\\\/if.com.tr\\\/#website\"},\"primaryImageOfPage\":{\"@id\":\"https:\\\/\\\/if.com.tr\\\/index.php\\\/tr\\\/takim-2\\\/#primaryimage\"},\"image\":{\"@id\":\"https:\\\/\\\/if.com.tr\\\/index.php\\\/tr\\\/takim-2\\\/#primaryimage\"},\"thumbnailUrl\":\"https:\\\/\\\/if.com.tr\\\/wp-content\\\/uploads\\\/2022\\\/04\\\/Tanju-Karasoy.jpeg\",\"datePublished\":\"2022-04-25T20:47:08+00:00\",\"dateModified\":\"2022-12-22T10:58:17+00:00\",\"breadcrumb\":{\"@id\":\"https:\\\/\\\/if.com.tr\\\/index.php\\\/tr\\\/takim-2\\\/#breadcrumb\"},\"inLanguage\":\"tr\",\"potentialAction\":[{\"@type\":\"ReadAction\",\"target\":[\"https:\\\/\\\/if.com.tr\\\/index.php\\\/tr\\\/takim-2\\\/\"]}]},{\"@type\":\"ImageObject\",\"inLanguage\":\"tr\",\"@id\":\"https:\\\/\\\/if.com.tr\\\/index.php\\\/tr\\\/takim-2\\\/#primaryimage\",\"url\":\"https:\\\/\\\/if.com.tr\\\/wp-content\\\/uploads\\\/2022\\\/04\\\/Tanju-Karasoy.jpeg\",\"contentUrl\":\"https:\\\/\\\/if.com.tr\\\/wp-content\\\/uploads\\\/2022\\\/04\\\/Tanju-Karasoy.jpeg\",\"width\":761,\"height\":965},{\"@type\":\"BreadcrumbList\",\"@id\":\"https:\\\/\\\/if.com.tr\\\/index.php\\\/tr\\\/takim-2\\\/#breadcrumb\",\"itemListElement\":[{\"@type\":\"ListItem\",\"position\":1,\"name\":\"Anasayfa\",\"item\":\"https:\\\/\\\/if.com.tr\\\/\"},{\"@type\":\"ListItem\",\"position\":2,\"name\":\"Tak\u0131m\"}]},{\"@type\":\"WebSite\",\"@id\":\"https:\\\/\\\/if.com.tr\\\/#website\",\"url\":\"https:\\\/\\\/if.com.tr\\\/\",\"name\":\"\",\"description\":\"\",\"potentialAction\":[{\"@type\":\"SearchAction\",\"target\":{\"@type\":\"EntryPoint\",\"urlTemplate\":\"https:\\\/\\\/if.com.tr\\\/?s={search_term_string}\"},\"query-input\":{\"@type\":\"PropertyValueSpecification\",\"valueRequired\":true,\"valueName\":\"search_term_string\"}}],\"inLanguage\":\"tr\"}]}<\/script>\n<!-- \/ Yoast SEO plugin. -->","yoast_head_json":{"title":"Tak\u0131m -","robots":{"index":"index","follow":"follow","max-snippet":"max-snippet:-1","max-image-preview":"max-image-preview:large","max-video-preview":"max-video-preview:-1"},"canonical":"https:\/\/if.com.tr\/index.php\/tr\/takim-2\/","og_locale":"tr_TR","og_type":"article","og_title":"Tak\u0131m -","og_description":"Orhan Karadogan CEO BSEE 1975 , METU MSEE 1978 , METU 1981 den beri Raytheon, Diebold, Gartner Group, Meta ve son olarak MEIR in i\u015f&hellip;","og_url":"https:\/\/if.com.tr\/index.php\/tr\/takim-2\/","article_modified_time":"2022-12-22T10:58:17+00:00","og_image":[{"url":"https:\/\/if.com.tr\/wp-content\/uploads\/2022\/04\/Tanju-Karasoy.jpeg","type":"","width":"","height":""}],"twitter_card":"summary_large_image","twitter_misc":{"Tahmini okuma s\u00fcresi":"5 dakika"},"schema":{"@context":"https:\/\/schema.org","@graph":[{"@type":"WebPage","@id":"https:\/\/if.com.tr\/index.php\/tr\/takim-2\/","url":"https:\/\/if.com.tr\/index.php\/tr\/takim-2\/","name":"Tak\u0131m -","isPartOf":{"@id":"https:\/\/if.com.tr\/#website"},"primaryImageOfPage":{"@id":"https:\/\/if.com.tr\/index.php\/tr\/takim-2\/#primaryimage"},"image":{"@id":"https:\/\/if.com.tr\/index.php\/tr\/takim-2\/#primaryimage"},"thumbnailUrl":"https:\/\/if.com.tr\/wp-content\/uploads\/2022\/04\/Tanju-Karasoy.jpeg","datePublished":"2022-04-25T20:47:08+00:00","dateModified":"2022-12-22T10:58:17+00:00","breadcrumb":{"@id":"https:\/\/if.com.tr\/index.php\/tr\/takim-2\/#breadcrumb"},"inLanguage":"tr","potentialAction":[{"@type":"ReadAction","target":["https:\/\/if.com.tr\/index.php\/tr\/takim-2\/"]}]},{"@type":"ImageObject","inLanguage":"tr","@id":"https:\/\/if.com.tr\/index.php\/tr\/takim-2\/#primaryimage","url":"https:\/\/if.com.tr\/wp-content\/uploads\/2022\/04\/Tanju-Karasoy.jpeg","contentUrl":"https:\/\/if.com.tr\/wp-content\/uploads\/2022\/04\/Tanju-Karasoy.jpeg","width":761,"height":965},{"@type":"BreadcrumbList","@id":"https:\/\/if.com.tr\/index.php\/tr\/takim-2\/#breadcrumb","itemListElement":[{"@type":"ListItem","position":1,"name":"Anasayfa","item":"https:\/\/if.com.tr\/"},{"@type":"ListItem","position":2,"name":"Tak\u0131m"}]},{"@type":"WebSite","@id":"https:\/\/if.com.tr\/#website","url":"https:\/\/if.com.tr\/","name":"","description":"","potentialAction":[{"@type":"SearchAction","target":{"@type":"EntryPoint","urlTemplate":"https:\/\/if.com.tr\/?s={search_term_string}"},"query-input":{"@type":"PropertyValueSpecification","valueRequired":true,"valueName":"search_term_string"}}],"inLanguage":"tr"}]}},"_links":{"self":[{"href":"https:\/\/if.com.tr\/index.php\/wp-json\/wp\/v2\/pages\/1008","targetHints":{"allow":["GET"]}}],"collection":[{"href":"https:\/\/if.com.tr\/index.php\/wp-json\/wp\/v2\/pages"}],"about":[{"href":"https:\/\/if.com.tr\/index.php\/wp-json\/wp\/v2\/types\/page"}],"author":[{"embeddable":true,"href":"https:\/\/if.com.tr\/index.php\/wp-json\/wp\/v2\/users\/1"}],"replies":[{"embeddable":true,"href":"https:\/\/if.com.tr\/index.php\/wp-json\/wp\/v2\/comments?post=1008"}],"version-history":[{"count":6,"href":"https:\/\/if.com.tr\/index.php\/wp-json\/wp\/v2\/pages\/1008\/revisions"}],"predecessor-version":[{"id":1783,"href":"https:\/\/if.com.tr\/index.php\/wp-json\/wp\/v2\/pages\/1008\/revisions\/1783"}],"wp:attachment":[{"href":"https:\/\/if.com.tr\/index.php\/wp-json\/wp\/v2\/media?parent=1008"}],"curies":[{"name":"wp","href":"https:\/\/api.w.org\/{rel}","templated":true}]}}