{"id":1024,"date":"2022-04-25T21:12:00","date_gmt":"2022-04-25T21:12:00","guid":{"rendered":"https:\/\/if.com.tr\/?page_id=1024"},"modified":"2022-12-22T11:00:43","modified_gmt":"2022-12-22T11:00:43","slug":"equipe","status":"publish","type":"page","link":"https:\/\/if.com.tr\/index.php\/fr\/equipe\/","title":{"rendered":"\u00c9quipe"},"content":{"rendered":"<div id=\"pl-gb1024-69dc3a3540ec0\"  class=\"panel-layout\" ><div id=\"pg-gb1024-69dc3a3540ec0-0\"  class=\"panel-grid panel-no-style\" ><div id=\"pgc-gb1024-69dc3a3540ec0-0-0\"  class=\"panel-grid-cell panel-grid-cell-empty\" ><\/div><div id=\"pgc-gb1024-69dc3a3540ec0-0-1\"  class=\"panel-grid-cell\" ><div id=\"panel-gb1024-69dc3a3540ec0-0-1-0\" class=\"so-panel widget widget_sow-image panel-first-child\" data-index=\"0\" ><div\n\t\t\t\n\t\t\tclass=\"so-widget-sow-image so-widget-sow-image-default-8b5b6f678277-1024\"\n\t\t\t\n\t\t>\n<div class=\"sow-image-container\">\n\t\t<img \n\tsrc=\"https:\/\/if.com.tr\/wp-content\/uploads\/2022\/04\/Orhan-Karadog\u0306an.jpeg\" width=\"117\" height=\"150\" srcset=\"https:\/\/if.com.tr\/wp-content\/uploads\/2022\/04\/Orhan-Karadog\u0306an.jpeg 761w, https:\/\/if.com.tr\/wp-content\/uploads\/2022\/04\/Orhan-Karadog\u0306an-233x300.jpeg 233w\" sizes=\"(max-width: 117px) 100vw, 117px\" title=\"Orhan Karadog\u0306an\" alt=\"\" \t\tclass=\"so-widget-image\"\/>\n\t<\/div>\n\n<\/div><\/div><div id=\"panel-gb1024-69dc3a3540ec0-0-1-1\" class=\"so-panel widget widget_sow-editor panel-last-child\" data-index=\"1\" ><div\n\t\t\t\n\t\t\tclass=\"so-widget-sow-editor so-widget-sow-editor-base\"\n\t\t\t\n\t\t>\n<div class=\"siteorigin-widget-tinymce textwidget\">\n\t<h4 class=\"p1\">Orhan Karadogan<\/h4>\n<p>CEO<\/p>\n<p><span style=\"font-size: 10pt;\">BSEE 1975 , METU<\/span><\/p>\n<p><span style=\"font-size: 10pt;\">MSEE 1978 , METU<\/span><\/p>\n<p><span style=\"font-size: 10pt;\">Il a d\u00e9velopp\u00e9 des activit\u00e9s pour Raytheon, Diebold, Gartner Group, Meta et plus r\u00e9cemment MEIR depuis 1981.<\/span><\/p>\n<p><span style=\"font-size: 10pt;\">Il parle couramment le turc, l&#8217;anglais et parle \u00e9galement le fran\u00e7ais, l&#8217;allemand et l&#8217;arabe.<\/span><\/p>\n<\/div>\n<\/div><\/div><\/div><div id=\"pgc-gb1024-69dc3a3540ec0-0-2\"  class=\"panel-grid-cell\" ><div id=\"panel-gb1024-69dc3a3540ec0-0-2-0\" class=\"so-panel widget widget_sow-image panel-first-child\" data-index=\"2\" ><div\n\t\t\t\n\t\t\tclass=\"so-widget-sow-image so-widget-sow-image-default-8b5b6f678277-1024\"\n\t\t\t\n\t\t>\n<div class=\"sow-image-container\">\n\t\t<img \n\tsrc=\"https:\/\/if.com.tr\/wp-content\/uploads\/2022\/04\/Turgay-Sarac\u0327og\u0306lu.jpeg\" width=\"134\" height=\"150\" srcset=\"https:\/\/if.com.tr\/wp-content\/uploads\/2022\/04\/Turgay-Sarac\u0327og\u0306lu.jpeg 761w, https:\/\/if.com.tr\/wp-content\/uploads\/2022\/04\/Turgay-Sarac\u0327og\u0306lu-268x300.jpeg 268w\" sizes=\"(max-width: 134px) 100vw, 134px\" title=\"Turgay Sarac\u0327og\u0306lu\" alt=\"\" \t\tclass=\"so-widget-image\"\/>\n\t<\/div>\n\n<\/div><\/div><div id=\"panel-gb1024-69dc3a3540ec0-0-2-1\" class=\"so-panel widget widget_sow-editor panel-last-child\" data-index=\"3\" ><div\n\t\t\t\n\t\t\tclass=\"so-widget-sow-editor so-widget-sow-editor-base\"\n\t\t\t\n\t\t>\n<div class=\"siteorigin-widget-tinymce textwidget\">\n\t<h4>Turgay Saracoglu<\/h4>\n<p>COO<\/p>\n<p><span style=\"font-size: 10pt;\">METU (Universit\u00e9 technique du Moyen-Orient) G\u00e9nie \u00e9lectrique &#8211; 1979.<\/span><\/p>\n<p><span style=\"font-size: 10pt;\">Il a travaill\u00e9 pour les soci\u00e9t\u00e9s Raytheon Data System, Saudia Airlines et Alhamrani Universal en Arabie saoudite. Il a poursuivi sa carri\u00e8re chez iF Elektronik Ltd. en tant que consultant Gartner.<\/span><\/p>\n<p><span style=\"font-size: 10pt;\">Elle parle couramment le turc et l&#8217;anglais, et le fran\u00e7ais au niveau d&#8217;entr\u00e9e.<\/span><\/p>\n<p class=\"p1\">\n<\/div>\n<\/div><\/div><\/div><div id=\"pgc-gb1024-69dc3a3540ec0-0-3\"  class=\"panel-grid-cell\" ><div id=\"panel-gb1024-69dc3a3540ec0-0-3-0\" class=\"so-panel widget widget_sow-image panel-first-child\" data-index=\"4\" ><div\n\t\t\t\n\t\t\tclass=\"so-widget-sow-image so-widget-sow-image-default-8b5b6f678277-1024\"\n\t\t\t\n\t\t>\n<div class=\"sow-image-container\">\n\t\t<img \n\tsrc=\"https:\/\/if.com.tr\/wp-content\/uploads\/2022\/04\/Cahit-Terziog\u0306lu.jpg\" width=\"116\" height=\"150\" srcset=\"https:\/\/if.com.tr\/wp-content\/uploads\/2022\/04\/Cahit-Terziog\u0306lu.jpg 494w, https:\/\/if.com.tr\/wp-content\/uploads\/2022\/04\/Cahit-Terziog\u0306lu-232x300.jpg 232w\" sizes=\"(max-width: 116px) 100vw, 116px\" title=\"Cahit Terziog\u0306lu\" alt=\"\" \t\tclass=\"so-widget-image\"\/>\n\t<\/div>\n\n<\/div><\/div><div id=\"panel-gb1024-69dc3a3540ec0-0-3-1\" class=\"so-panel widget widget_sow-editor panel-last-child\" data-index=\"5\" ><div\n\t\t\t\n\t\t\tclass=\"so-widget-sow-editor so-widget-sow-editor-base\"\n\t\t\t\n\t\t>\n<div class=\"siteorigin-widget-tinymce textwidget\">\n\t<h4 class=\"p1\">Cahit Terzioglu<\/h4>\n<p>Directeur r\u00e9gional d&#8217;Istanbul<\/p>\n<p><span style=\"font-size: 10pt;\">Ing\u00e9nieur en informatique, BS (1986) et MS (1989) (Universit\u00e9 technique de Y\u0131ld\u0131z)<\/span><\/p>\n<p><span style=\"font-size: 10pt;\">Il a travaill\u00e9 \u00e0 l&#8217;Universit\u00e9 technique de Y\u0131ld\u0131z, \u00e0 la Banque Yap\u0131 Kredi, \u00e0 Ko\u00e7finans, \u00e0 la Banca Turco Romana-Roumanie, \u00e0 Turkcell et \u00e0 Avea, et le conseil a la Vodafone et MPT Telecom Myammar. Il est sp\u00e9cialis\u00e9 dans la banque, les t\u00e9l\u00e9communications et le conseil en gestion.<\/span><\/p>\n<p><span style=\"font-size: 10pt;\">Il parle couramment le turc et l&#8217;anglais.<\/span><\/p>\n<p class=\"p1\">\n<\/div>\n<\/div><\/div><\/div><div id=\"pgc-gb1024-69dc3a3540ec0-0-4\"  class=\"panel-grid-cell panel-grid-cell-mobile-last\" ><div id=\"panel-gb1024-69dc3a3540ec0-0-4-0\" class=\"so-panel widget widget_sow-image panel-first-child\" data-index=\"6\" ><div\n\t\t\t\n\t\t\tclass=\"so-widget-sow-image so-widget-sow-image-default-8b5b6f678277-1024\"\n\t\t\t\n\t\t>\n<div class=\"sow-image-container\">\n\t\t<img \n\tsrc=\"https:\/\/if.com.tr\/wp-content\/uploads\/2022\/04\/Tanju-Karasoy.jpeg\" width=\"118\" height=\"150\" srcset=\"https:\/\/if.com.tr\/wp-content\/uploads\/2022\/04\/Tanju-Karasoy.jpeg 761w, https:\/\/if.com.tr\/wp-content\/uploads\/2022\/04\/Tanju-Karasoy-237x300.jpeg 237w\" sizes=\"(max-width: 118px) 100vw, 118px\" title=\"Tanju Karasoy\" alt=\"\" \t\tclass=\"so-widget-image\"\/>\n\t<\/div>\n\n<\/div><\/div><div id=\"panel-gb1024-69dc3a3540ec0-0-4-1\" class=\"so-panel widget widget_sow-editor panel-last-child\" data-index=\"7\" ><div\n\t\t\t\n\t\t\tclass=\"so-widget-sow-editor so-widget-sow-editor-base\"\n\t\t\t\n\t\t>\n<div class=\"siteorigin-widget-tinymce textwidget\">\n\t<h4 class=\"p1\">Tanju Karasoy<\/h4>\n<p>Directeur r\u00e9gional d&#8217;Izmir<\/p>\n<p><span style=\"font-size: 10pt;\">METU EE en 1981, MSc en 1984.<\/span><\/p>\n<p><span style=\"font-size: 10pt;\">Chez Raytheon Data Systems en Arabie Saoudite, Romar A.\u015e. travaill\u00e9. Il travaille en tant que fondateur d&#8217;Egebilser depuis 1992.<\/span><\/p>\n<p><span style=\"font-size: 10pt;\">Il parle couramment le turc et l&#8217;anglais.<\/span><\/p>\n<\/div>\n<\/div><\/div><\/div><div id=\"pgc-gb1024-69dc3a3540ec0-0-5\"  class=\"panel-grid-cell panel-grid-cell-empty\" ><\/div><\/div><div id=\"pg-gb1024-69dc3a3540ec0-1\"  class=\"panel-grid panel-no-style\" ><div id=\"pgc-gb1024-69dc3a3540ec0-1-0\"  class=\"panel-grid-cell panel-grid-cell-empty\" ><\/div><div id=\"pgc-gb1024-69dc3a3540ec0-1-1\"  class=\"panel-grid-cell\" ><div id=\"panel-gb1024-69dc3a3540ec0-1-1-0\" class=\"so-panel widget widget_sow-image panel-first-child\" data-index=\"8\" ><div\n\t\t\t\n\t\t\tclass=\"so-widget-sow-image so-widget-sow-image-default-8b5b6f678277-1024\"\n\t\t\t\n\t\t>\n<div class=\"sow-image-container\">\n\t\t<img \n\tsrc=\"https:\/\/if.com.tr\/wp-content\/uploads\/2022\/04\/Murat-Kutluoglu.jpeg\" width=\"116\" height=\"150\" srcset=\"https:\/\/if.com.tr\/wp-content\/uploads\/2022\/04\/Murat-Kutluoglu.jpeg 790w, https:\/\/if.com.tr\/wp-content\/uploads\/2022\/04\/Murat-Kutluoglu-231x300.jpeg 231w, https:\/\/if.com.tr\/wp-content\/uploads\/2022\/04\/Murat-Kutluoglu-768x995.jpeg 768w\" sizes=\"(max-width: 116px) 100vw, 116px\" title=\"Murat Kutluoglu\" alt=\"\" \t\tclass=\"so-widget-image\"\/>\n\t<\/div>\n\n<\/div><\/div><div id=\"panel-gb1024-69dc3a3540ec0-1-1-1\" class=\"so-panel widget widget_sow-editor panel-last-child\" data-index=\"9\" ><div\n\t\t\t\n\t\t\tclass=\"so-widget-sow-editor so-widget-sow-editor-base\"\n\t\t\t\n\t\t>\n<div class=\"siteorigin-widget-tinymce textwidget\">\n\t<h4 class=\"p1\">Murat Kutluoglu<\/h4>\n<p>Coordinateur Afrique de l&#8217;Est<\/p>\n<p><span style=\"font-size: 10pt;\">Facult\u00e9 d&#8217;\u00e9conomie de l&#8217;Universit\u00e9 de Marmara.<\/span><\/p>\n<p><span style=\"font-size: 10pt;\">Il a travaill\u00e9 dans la vente et la gestion de services chez Siemens, Nokia Siemens Networks, Huawei et LCC Tech Mahindra pendant plus de 25 ans.<\/span><\/p>\n<p><span style=\"font-size: 10pt;\">Il parle couramment le turc et l&#8217;anglais, et l&#8217;allemand au niveau d&#8217;entr\u00e9e.<\/span><\/p>\n<p class=\"p1\">\n<\/div>\n<\/div><\/div><\/div><div id=\"pgc-gb1024-69dc3a3540ec0-1-2\"  class=\"panel-grid-cell\" ><div id=\"panel-gb1024-69dc3a3540ec0-1-2-0\" class=\"so-panel widget widget_sow-image panel-first-child\" data-index=\"10\" ><div\n\t\t\t\n\t\t\tclass=\"so-widget-sow-image so-widget-sow-image-default-8b5b6f678277-1024\"\n\t\t\t\n\t\t>\n<div class=\"sow-image-container\">\n\t\t<img \n\tsrc=\"https:\/\/if.com.tr\/wp-content\/uploads\/2022\/04\/Selim-Levent.jpeg\" width=\"99\" height=\"150\" srcset=\"https:\/\/if.com.tr\/wp-content\/uploads\/2022\/04\/Selim-Levent.jpeg 678w, https:\/\/if.com.tr\/wp-content\/uploads\/2022\/04\/Selim-Levent-199x300.jpeg 199w\" sizes=\"(max-width: 99px) 100vw, 99px\" title=\"Selim Levent\" alt=\"\" \t\tclass=\"so-widget-image\"\/>\n\t<\/div>\n\n<\/div><\/div><div id=\"panel-gb1024-69dc3a3540ec0-1-2-1\" class=\"so-panel widget widget_sow-editor panel-last-child\" data-index=\"11\" ><div\n\t\t\t\n\t\t\tclass=\"so-widget-sow-editor so-widget-sow-editor-base\"\n\t\t\t\n\t\t>\n<div class=\"siteorigin-widget-tinymce textwidget\">\n\t<h4 class=\"p1\">Selim Levent<\/h4>\n<p>Coordinateur Afrique de l&#8217;Ouest<\/p>\n<p><span style=\"font-size: 10pt;\">Ing\u00e9nieur en m\u00e9canique, Universit\u00e9 technique du Moyen-Orient, 1992.<\/span><\/p>\n<p><span style=\"font-size: 10pt;\">Il a commenc\u00e9 sa carri\u00e8re chez Ar\u00e7elik. Il a travaill\u00e9 chez Aluminium Group Pechiney et Steel Group Arcelor Mittal en France pendant plus de 20 ans.<\/span><\/p>\n<p><span style=\"font-size: 10pt;\">Elle parle couramment le turc, le fran\u00e7ais, l&#8217;anglais, l&#8217;allemand et l&#8217;italien pour d\u00e9butants.<\/span><\/p>\n<\/div>\n<\/div><\/div><\/div><div id=\"pgc-gb1024-69dc3a3540ec0-1-3\"  class=\"panel-grid-cell\" ><div id=\"panel-gb1024-69dc3a3540ec0-1-3-0\" class=\"so-panel widget widget_sow-image panel-first-child\" data-index=\"12\" ><div\n\t\t\t\n\t\t\tclass=\"so-widget-sow-image so-widget-sow-image-default-8b5b6f678277-1024\"\n\t\t\t\n\t\t>\n<div class=\"sow-image-container\">\n\t\t<img \n\tsrc=\"https:\/\/if.com.tr\/wp-content\/uploads\/2022\/04\/Rahmet-I\u0307nal.jpeg\" width=\"128\" height=\"150\" srcset=\"https:\/\/if.com.tr\/wp-content\/uploads\/2022\/04\/Rahmet-I\u0307nal.jpeg 761w, https:\/\/if.com.tr\/wp-content\/uploads\/2022\/04\/Rahmet-I\u0307nal-255x300.jpeg 255w\" sizes=\"(max-width: 128px) 100vw, 128px\" title=\"Rahmet I\u0307nal\" alt=\"\" \t\tclass=\"so-widget-image\"\/>\n\t<\/div>\n\n<\/div><\/div><div id=\"panel-gb1024-69dc3a3540ec0-1-3-1\" class=\"so-panel widget widget_sow-editor panel-last-child\" data-index=\"13\" ><div\n\t\t\t\n\t\t\tclass=\"so-widget-sow-editor so-widget-sow-editor-base\"\n\t\t\t\n\t\t>\n<div class=\"siteorigin-widget-tinymce textwidget\">\n\t<h4 class=\"p1\">Rahmet Inal<\/h4>\n<p>Conseil du PDG<\/p>\n<p><span style=\"font-size: 10pt;\">Middle East Technical University<\/span><\/p>\n<p class=\"p1\">\n<\/div>\n<\/div><\/div><\/div><div id=\"pgc-gb1024-69dc3a3540ec0-1-4\"  class=\"panel-grid-cell panel-grid-cell-mobile-last\" ><div id=\"panel-gb1024-69dc3a3540ec0-1-4-0\" class=\"so-panel widget widget_sow-image panel-first-child\" data-index=\"14\" ><div\n\t\t\t\n\t\t\tclass=\"so-widget-sow-image so-widget-sow-image-default-8b5b6f678277-1024\"\n\t\t\t\n\t\t>\n<div class=\"sow-image-container\">\n\t\t<img \n\tsrc=\"https:\/\/if.com.tr\/wp-content\/uploads\/2022\/12\/Fuat-Ertuzun.png\" width=\"125\" height=\"150\" sizes=\"(max-width: 125px) 100vw, 125px\" title=\"Fuat Ert\u00fcz\u00fcn\" alt=\"\" \t\tclass=\"so-widget-image\"\/>\n\t<\/div>\n\n<\/div><\/div><div id=\"panel-gb1024-69dc3a3540ec0-1-4-1\" class=\"so-panel widget widget_sow-editor panel-last-child\" data-index=\"15\" ><div\n\t\t\t\n\t\t\tclass=\"so-widget-sow-editor so-widget-sow-editor-base\"\n\t\t\t\n\t\t>\n<div class=\"siteorigin-widget-tinymce textwidget\">\n\t<h4 class=\"p1\">Fuat Ertuzun<\/h4>\n<p>Responsable T\u00e9l\u00e9com S\u00e9nior<\/p>\n<p><span style=\"font-size: 10pt;\">Universit\u00e9 de Bo\u011fazi\u00e7i, BS (1981), MS (1984), Ing\u00e9nieur Electrique\/Electronique<\/span><\/p>\n<p><span style=\"font-size: 10pt;\">Il a dirig\u00e9 les groupes de technologie de l&#8217;information d&#8217;Avea et de Turkcell, et la conseil a la\u00a0 Vodafone et MPT Telecom Myammar, et avait auparavant travaill\u00e9 pour la Bourse d&#8217;Istanbul, Interbank et NETA\u015e (Northern Telekom T\u00fcrkiye)<\/span><\/p>\n<p><span style=\"font-size: 10pt;\">Consultant et strategiste, il travaille sur des startups d&#8217;op\u00e9rateurs alternatifs, la transformation num\u00e9rique, d\u00e9veloppement&amp;gestion des produit, l&#8217;alignement des objectifs commerciaux avec la technologie et poss\u00e8de une exp\u00e9rience dans diff\u00e9rents secteurs tels que la \u00e9l\u00e9communication, la finance et la fabrication.<\/span><\/p>\n<p><span style=\"font-size: 10pt;\">Parle courrament le Turc, l\u2019anglais et le Fran\u00e7ais, d\u00e9butant en Italien et en Espagnole<\/span><\/p>\n<p class=\"p1\">\n<\/div>\n<\/div><\/div><\/div><div id=\"pgc-gb1024-69dc3a3540ec0-1-5\"  class=\"panel-grid-cell panel-grid-cell-empty\" ><\/div><\/div><div id=\"pg-gb1024-69dc3a3540ec0-2\"  class=\"panel-grid panel-no-style\" ><div id=\"pgc-gb1024-69dc3a3540ec0-2-0\"  class=\"panel-grid-cell panel-grid-cell-empty\" ><\/div><div id=\"pgc-gb1024-69dc3a3540ec0-2-1\"  class=\"panel-grid-cell\" ><div id=\"panel-gb1024-69dc3a3540ec0-2-1-0\" class=\"so-panel widget widget_sow-image panel-first-child\" data-index=\"16\" ><div\n\t\t\t\n\t\t\tclass=\"so-widget-sow-image so-widget-sow-image-default-8b5b6f678277-1024\"\n\t\t\t\n\t\t>\n<div class=\"sow-image-container\">\n\t\t<img \n\tsrc=\"https:\/\/if.com.tr\/wp-content\/uploads\/2022\/12\/Muzaffer-Yuner.jpg\" width=\"107\" height=\"150\" srcset=\"https:\/\/if.com.tr\/wp-content\/uploads\/2022\/12\/Muzaffer-Yuner.jpg 380w, https:\/\/if.com.tr\/wp-content\/uploads\/2022\/12\/Muzaffer-Yuner-213x300.jpg 213w\" sizes=\"(max-width: 107px) 100vw, 107px\" title=\"Muzaffer Y\u00fcner\" alt=\"\" \t\tclass=\"so-widget-image\"\/>\n\t<\/div>\n\n<\/div><\/div><div id=\"panel-gb1024-69dc3a3540ec0-2-1-1\" class=\"so-panel widget widget_sow-editor panel-last-child\" data-index=\"17\" ><div\n\t\t\t\n\t\t\tclass=\"so-widget-sow-editor so-widget-sow-editor-base\"\n\t\t\t\n\t\t>\n<div class=\"siteorigin-widget-tinymce textwidget\">\n\t<h4 class=\"p1\">Muzaffer Yuner<\/h4>\n<p>Gestionnaire de r\u00e9seau s\u00e9nior<\/p>\n<p><span style=\"font-size: 10pt;\">Ing\u00e9nieur en \u00e9lectronique de l&#8217;Universit\u00e9 technique d&#8217;Istanbul (1984)<\/span><\/p>\n<p><span style=\"font-size: 10pt;\">Il a travaill\u00e9 dans le secteur des t\u00e9l\u00e9communications et des syst\u00e8mes de r\u00e9seaux.<\/span><br \/>\n<span style=\"font-size: 10pt;\">Sp\u00e9cialis\u00e9 dans les r\u00e9seaux et les syst\u00e8mes de paiement<\/span><\/p>\n<p><span style=\"font-size: 10pt;\">Il parle couramment le turc et l&#8217;anglais parl\u00e9s et \u00e9crits.<\/span><\/p>\n<p class=\"p1\">\n<\/div>\n<\/div><\/div><\/div><div id=\"pgc-gb1024-69dc3a3540ec0-2-2\"  class=\"panel-grid-cell panel-grid-cell-empty\" ><\/div><div id=\"pgc-gb1024-69dc3a3540ec0-2-3\"  class=\"panel-grid-cell panel-grid-cell-empty\" ><\/div><div id=\"pgc-gb1024-69dc3a3540ec0-2-4\"  class=\"panel-grid-cell panel-grid-cell-empty panel-grid-cell-mobile-last\" ><\/div><div id=\"pgc-gb1024-69dc3a3540ec0-2-5\"  class=\"panel-grid-cell panel-grid-cell-empty\" ><\/div><\/div><\/div>","protected":false},"excerpt":{"rendered":"<p>Orhan Karadogan CEO BSEE 1975 , METU MSEE 1978 , METU Il a d\u00e9velopp\u00e9 des activit\u00e9s pour Raytheon, Diebold, Gartner Group, Meta et plus r\u00e9cemment&hellip;<\/p>\n","protected":false},"author":1,"featured_media":0,"parent":0,"menu_order":0,"comment_status":"closed","ping_status":"closed","template":"","meta":{"footnotes":""},"class_list":["post-1024","page","type-page","status-publish","hentry"],"yoast_head":"<!-- This site is optimized with the Yoast SEO plugin v27.3 - https:\/\/yoast.com\/product\/yoast-seo-wordpress\/ -->\n<title>\u00c9quipe -<\/title>\n<meta name=\"robots\" content=\"index, follow, max-snippet:-1, max-image-preview:large, max-video-preview:-1\" \/>\n<link rel=\"canonical\" href=\"https:\/\/if.com.tr\/index.php\/fr\/equipe\/\" \/>\n<meta property=\"og:locale\" content=\"tr_TR\" \/>\n<meta property=\"og:type\" content=\"article\" \/>\n<meta property=\"og:title\" content=\"\u00c9quipe -\" \/>\n<meta property=\"og:description\" content=\"Orhan Karadogan CEO BSEE 1975 , METU MSEE 1978 , METU Il a d\u00e9velopp\u00e9 des activit\u00e9s pour Raytheon, Diebold, Gartner Group, Meta et plus r\u00e9cemment&hellip;\" \/>\n<meta property=\"og:url\" content=\"https:\/\/if.com.tr\/index.php\/fr\/equipe\/\" \/>\n<meta property=\"article:modified_time\" content=\"2022-12-22T11:00:43+00:00\" \/>\n<meta property=\"og:image\" content=\"https:\/\/if.com.tr\/wp-content\/uploads\/2022\/04\/Tanju-Karasoy.jpeg\" \/>\n<meta name=\"twitter:card\" content=\"summary_large_image\" \/>\n<meta name=\"twitter:label1\" content=\"Tahmini okuma s\u00fcresi\" \/>\n\t<meta name=\"twitter:data1\" content=\"5 dakika\" \/>\n<script type=\"application\/ld+json\" class=\"yoast-schema-graph\">{\"@context\":\"https:\\\/\\\/schema.org\",\"@graph\":[{\"@type\":\"WebPage\",\"@id\":\"https:\\\/\\\/if.com.tr\\\/index.php\\\/fr\\\/equipe\\\/\",\"url\":\"https:\\\/\\\/if.com.tr\\\/index.php\\\/fr\\\/equipe\\\/\",\"name\":\"\u00c9quipe -\",\"isPartOf\":{\"@id\":\"https:\\\/\\\/if.com.tr\\\/#website\"},\"primaryImageOfPage\":{\"@id\":\"https:\\\/\\\/if.com.tr\\\/index.php\\\/fr\\\/equipe\\\/#primaryimage\"},\"image\":{\"@id\":\"https:\\\/\\\/if.com.tr\\\/index.php\\\/fr\\\/equipe\\\/#primaryimage\"},\"thumbnailUrl\":\"https:\\\/\\\/if.com.tr\\\/wp-content\\\/uploads\\\/2022\\\/04\\\/Tanju-Karasoy.jpeg\",\"datePublished\":\"2022-04-25T21:12:00+00:00\",\"dateModified\":\"2022-12-22T11:00:43+00:00\",\"breadcrumb\":{\"@id\":\"https:\\\/\\\/if.com.tr\\\/index.php\\\/fr\\\/equipe\\\/#breadcrumb\"},\"inLanguage\":\"tr\",\"potentialAction\":[{\"@type\":\"ReadAction\",\"target\":[\"https:\\\/\\\/if.com.tr\\\/index.php\\\/fr\\\/equipe\\\/\"]}]},{\"@type\":\"ImageObject\",\"inLanguage\":\"tr\",\"@id\":\"https:\\\/\\\/if.com.tr\\\/index.php\\\/fr\\\/equipe\\\/#primaryimage\",\"url\":\"https:\\\/\\\/if.com.tr\\\/wp-content\\\/uploads\\\/2022\\\/04\\\/Tanju-Karasoy.jpeg\",\"contentUrl\":\"https:\\\/\\\/if.com.tr\\\/wp-content\\\/uploads\\\/2022\\\/04\\\/Tanju-Karasoy.jpeg\",\"width\":761,\"height\":965},{\"@type\":\"BreadcrumbList\",\"@id\":\"https:\\\/\\\/if.com.tr\\\/index.php\\\/fr\\\/equipe\\\/#breadcrumb\",\"itemListElement\":[{\"@type\":\"ListItem\",\"position\":1,\"name\":\"Anasayfa\",\"item\":\"https:\\\/\\\/if.com.tr\\\/\"},{\"@type\":\"ListItem\",\"position\":2,\"name\":\"\u00c9quipe\"}]},{\"@type\":\"WebSite\",\"@id\":\"https:\\\/\\\/if.com.tr\\\/#website\",\"url\":\"https:\\\/\\\/if.com.tr\\\/\",\"name\":\"\",\"description\":\"\",\"potentialAction\":[{\"@type\":\"SearchAction\",\"target\":{\"@type\":\"EntryPoint\",\"urlTemplate\":\"https:\\\/\\\/if.com.tr\\\/?s={search_term_string}\"},\"query-input\":{\"@type\":\"PropertyValueSpecification\",\"valueRequired\":true,\"valueName\":\"search_term_string\"}}],\"inLanguage\":\"tr\"}]}<\/script>\n<!-- \/ Yoast SEO plugin. -->","yoast_head_json":{"title":"\u00c9quipe -","robots":{"index":"index","follow":"follow","max-snippet":"max-snippet:-1","max-image-preview":"max-image-preview:large","max-video-preview":"max-video-preview:-1"},"canonical":"https:\/\/if.com.tr\/index.php\/fr\/equipe\/","og_locale":"tr_TR","og_type":"article","og_title":"\u00c9quipe -","og_description":"Orhan Karadogan CEO BSEE 1975 , METU MSEE 1978 , METU Il a d\u00e9velopp\u00e9 des activit\u00e9s pour Raytheon, Diebold, Gartner Group, Meta et plus r\u00e9cemment&hellip;","og_url":"https:\/\/if.com.tr\/index.php\/fr\/equipe\/","article_modified_time":"2022-12-22T11:00:43+00:00","og_image":[{"url":"https:\/\/if.com.tr\/wp-content\/uploads\/2022\/04\/Tanju-Karasoy.jpeg","type":"","width":"","height":""}],"twitter_card":"summary_large_image","twitter_misc":{"Tahmini okuma s\u00fcresi":"5 dakika"},"schema":{"@context":"https:\/\/schema.org","@graph":[{"@type":"WebPage","@id":"https:\/\/if.com.tr\/index.php\/fr\/equipe\/","url":"https:\/\/if.com.tr\/index.php\/fr\/equipe\/","name":"\u00c9quipe -","isPartOf":{"@id":"https:\/\/if.com.tr\/#website"},"primaryImageOfPage":{"@id":"https:\/\/if.com.tr\/index.php\/fr\/equipe\/#primaryimage"},"image":{"@id":"https:\/\/if.com.tr\/index.php\/fr\/equipe\/#primaryimage"},"thumbnailUrl":"https:\/\/if.com.tr\/wp-content\/uploads\/2022\/04\/Tanju-Karasoy.jpeg","datePublished":"2022-04-25T21:12:00+00:00","dateModified":"2022-12-22T11:00:43+00:00","breadcrumb":{"@id":"https:\/\/if.com.tr\/index.php\/fr\/equipe\/#breadcrumb"},"inLanguage":"tr","potentialAction":[{"@type":"ReadAction","target":["https:\/\/if.com.tr\/index.php\/fr\/equipe\/"]}]},{"@type":"ImageObject","inLanguage":"tr","@id":"https:\/\/if.com.tr\/index.php\/fr\/equipe\/#primaryimage","url":"https:\/\/if.com.tr\/wp-content\/uploads\/2022\/04\/Tanju-Karasoy.jpeg","contentUrl":"https:\/\/if.com.tr\/wp-content\/uploads\/2022\/04\/Tanju-Karasoy.jpeg","width":761,"height":965},{"@type":"BreadcrumbList","@id":"https:\/\/if.com.tr\/index.php\/fr\/equipe\/#breadcrumb","itemListElement":[{"@type":"ListItem","position":1,"name":"Anasayfa","item":"https:\/\/if.com.tr\/"},{"@type":"ListItem","position":2,"name":"\u00c9quipe"}]},{"@type":"WebSite","@id":"https:\/\/if.com.tr\/#website","url":"https:\/\/if.com.tr\/","name":"","description":"","potentialAction":[{"@type":"SearchAction","target":{"@type":"EntryPoint","urlTemplate":"https:\/\/if.com.tr\/?s={search_term_string}"},"query-input":{"@type":"PropertyValueSpecification","valueRequired":true,"valueName":"search_term_string"}}],"inLanguage":"tr"}]}},"_links":{"self":[{"href":"https:\/\/if.com.tr\/index.php\/wp-json\/wp\/v2\/pages\/1024","targetHints":{"allow":["GET"]}}],"collection":[{"href":"https:\/\/if.com.tr\/index.php\/wp-json\/wp\/v2\/pages"}],"about":[{"href":"https:\/\/if.com.tr\/index.php\/wp-json\/wp\/v2\/types\/page"}],"author":[{"embeddable":true,"href":"https:\/\/if.com.tr\/index.php\/wp-json\/wp\/v2\/users\/1"}],"replies":[{"embeddable":true,"href":"https:\/\/if.com.tr\/index.php\/wp-json\/wp\/v2\/comments?post=1024"}],"version-history":[{"count":6,"href":"https:\/\/if.com.tr\/index.php\/wp-json\/wp\/v2\/pages\/1024\/revisions"}],"predecessor-version":[{"id":1785,"href":"https:\/\/if.com.tr\/index.php\/wp-json\/wp\/v2\/pages\/1024\/revisions\/1785"}],"wp:attachment":[{"href":"https:\/\/if.com.tr\/index.php\/wp-json\/wp\/v2\/media?parent=1024"}],"curies":[{"name":"wp","href":"https:\/\/api.w.org\/{rel}","templated":true}]}}