{"id":1037,"date":"2022-04-25T21:27:22","date_gmt":"2022-04-25T21:27:22","guid":{"rendered":"https:\/\/if.com.tr\/?page_id=1037"},"modified":"2022-11-18T15:36:45","modified_gmt":"2022-11-18T15:36:45","slug":"meir-2","status":"publish","type":"page","link":"https:\/\/if.com.tr\/index.php\/fr\/meir-2\/","title":{"rendered":"MEIR"},"content":{"rendered":"<div id=\"pl-gb1037-69dc7f5bb27c0\"  class=\"panel-layout\" ><div id=\"pg-gb1037-69dc7f5bb27c0-0\"  class=\"panel-grid panel-no-style\" ><div id=\"pgc-gb1037-69dc7f5bb27c0-0-0\"  class=\"panel-grid-cell\" ><div id=\"panel-gb1037-69dc7f5bb27c0-0-0-0\" class=\"so-panel widget widget_sow-image panel-first-child panel-last-child\" data-index=\"0\" ><div\n\t\t\t\n\t\t\tclass=\"so-widget-sow-image so-widget-sow-image-default-c67d20f9f743-1037\"\n\t\t\t\n\t\t>\n<div class=\"sow-image-container\">\n\t\t<img \n\tsrc=\"https:\/\/if.com.tr\/wp-content\/uploads\/2022\/04\/MEIR_Logo.png\" width=\"150\" height=\"111\" srcset=\"https:\/\/if.com.tr\/wp-content\/uploads\/2022\/04\/MEIR_Logo.png 453w, https:\/\/if.com.tr\/wp-content\/uploads\/2022\/04\/MEIR_Logo-300x221.png 300w\" sizes=\"(max-width: 150px) 100vw, 150px\" alt=\"\" \t\tclass=\"so-widget-image\"\/>\n\t<\/div>\n\n<\/div><\/div><\/div><\/div><div id=\"pg-gb1037-69dc7f5bb27c0-1\"  class=\"panel-grid panel-no-style\" ><div id=\"pgc-gb1037-69dc7f5bb27c0-1-0\"  class=\"panel-grid-cell\" ><div id=\"panel-gb1037-69dc7f5bb27c0-1-0-0\" class=\"so-panel widget widget_sow-image panel-first-child panel-last-child\" data-index=\"1\" ><div\n\t\t\t\n\t\t\tclass=\"so-widget-sow-image so-widget-sow-image-default-8b5b6f678277-1037\"\n\t\t\t\n\t\t>\n<div class=\"sow-image-container\">\n\t\t<img \n\tsrc=\"https:\/\/if.com.tr\/wp-content\/uploads\/2022\/11\/Avantages-fr-768x432.png\" width=\"768\" height=\"432\" srcset=\"https:\/\/if.com.tr\/wp-content\/uploads\/2022\/11\/Avantages-fr-768x432.png 768w, https:\/\/if.com.tr\/wp-content\/uploads\/2022\/11\/Avantages-fr-300x169.png 300w, https:\/\/if.com.tr\/wp-content\/uploads\/2022\/11\/Avantages-fr-1820x1024.png 1820w, https:\/\/if.com.tr\/wp-content\/uploads\/2022\/11\/Avantages-fr-1536x864.png 1536w, https:\/\/if.com.tr\/wp-content\/uploads\/2022\/11\/Avantages-fr-2048x1152.png 2048w\" sizes=\"(max-width: 768px) 100vw, 768px\" alt=\"\" \t\tclass=\"so-widget-image\"\/>\n\t<\/div>\n\n<\/div><\/div><\/div><div id=\"pgc-gb1037-69dc7f5bb27c0-1-1\"  class=\"panel-grid-cell\" ><div id=\"panel-gb1037-69dc7f5bb27c0-1-1-0\" class=\"so-panel widget widget_sow-editor panel-first-child panel-last-child\" data-index=\"2\" ><div\n\t\t\t\n\t\t\tclass=\"so-widget-sow-editor so-widget-sow-editor-base\"\n\t\t\t\n\t\t>\n<div class=\"siteorigin-widget-tinymce textwidget\">\n\t<p>MEIR est un syst\u00e8me d\u00e9velopp\u00e9 pour enregistrer tous les appareils mobiles, en particulier les t\u00e9l\u00e9phones portables, qui portent un num\u00e9ro IMEI et peuvent se connecter directement au r\u00e9seau GSM. \u00c9tant donn\u00e9 que le processus d&#8217;enregistrement se fait selon le num\u00e9ro IMEI, il ne contient pas de donn\u00e9es personnelles et ne nuit pas \u00e0 la s\u00e9curit\u00e9 des utilisateurs. MEIR a \u00e9t\u00e9 d\u00e9velopp\u00e9 par Oratech pour BTK en Turquie et fonctionne avec succ\u00e8s depuis 2008.<\/p>\n<p>Le syst\u00e8me MEIR \u00e9tait n\u00e9cessaire pour les raisons suivantes\u00a0:<\/p>\n<p>\u2022 Les appareils introduits en contrebande dans le pays perdaient de l&#8217;imp\u00f4t au profit de l&#8217;\u00c9tat.<br \/>\n\u2022 Le vol de t\u00e9l\u00e9phones portables \u00e9tait courant, car les appareils vol\u00e9s pouvaient \u00eatre \u00e9chang\u00e9s ill\u00e9galement<br \/>\n\u2022 Il y avait une concurrence d\u00e9loyale sur le march\u00e9 en raison de la contrebande.<br \/>\n\u2022 Des appareils non standard pourraient entrer dans le pays (par exemple \u00e9mettre des radiations \u00e9lev\u00e9es) et mettre en danger la sant\u00e9 publique.<br \/>\n\u2022 En raison de l&#8217;absence d&#8217;un syst\u00e8me central, l&#8217;inspection requise des op\u00e9rateurs GSM<br \/>\nn&#8217;a pas pu \u00eatre fait (installation\/transport ill\u00e9gal ou non autoris\u00e9 de la station de base, licence<br \/>\nfrais de suivi, etc.)<\/p>\n<p>Le MEIR a r\u00e9solu tous ces probl\u00e8mes et garanti les recettes fiscales de l&#8217;\u00c9tat provenant de l&#8217;importation et du commerce d&#8217;appareils mobiles\u00a0; Il a contribu\u00e9 \u00e0 la s\u00e9curit\u00e9 g\u00e9n\u00e9rale en emp\u00eachant le commerce de faux t\u00e9l\u00e9phones vol\u00e9s-perdus et \u00e0 l&#8217;\u00e9conomie en assurant l&#8217;ordre sur ce march\u00e9.<\/p>\n<\/div>\n<\/div><\/div><\/div><\/div><\/div>","protected":false},"excerpt":{"rendered":"<p>MEIR est un syst\u00e8me d\u00e9velopp\u00e9 pour enregistrer tous les appareils mobiles, en particulier les t\u00e9l\u00e9phones portables, qui portent un num\u00e9ro IMEI et peuvent se connecter&hellip;<\/p>\n","protected":false},"author":1,"featured_media":0,"parent":0,"menu_order":0,"comment_status":"closed","ping_status":"closed","template":"","meta":{"footnotes":""},"class_list":["post-1037","page","type-page","status-publish","hentry"],"yoast_head":"<!-- This site is optimized with the Yoast SEO plugin v27.3 - https:\/\/yoast.com\/product\/yoast-seo-wordpress\/ -->\n<title>MEIR -<\/title>\n<meta name=\"robots\" content=\"index, follow, max-snippet:-1, max-image-preview:large, max-video-preview:-1\" \/>\n<link rel=\"canonical\" href=\"https:\/\/if.com.tr\/index.php\/fr\/meir-2\/\" \/>\n<meta property=\"og:locale\" content=\"tr_TR\" \/>\n<meta property=\"og:type\" content=\"article\" \/>\n<meta property=\"og:title\" content=\"MEIR -\" \/>\n<meta property=\"og:description\" content=\"MEIR est un syst\u00e8me d\u00e9velopp\u00e9 pour enregistrer tous les appareils mobiles, en particulier les t\u00e9l\u00e9phones portables, qui portent un num\u00e9ro IMEI et peuvent se connecter&hellip;\" \/>\n<meta property=\"og:url\" content=\"https:\/\/if.com.tr\/index.php\/fr\/meir-2\/\" \/>\n<meta property=\"article:modified_time\" content=\"2022-11-18T15:36:45+00:00\" \/>\n<meta property=\"og:image\" content=\"https:\/\/if.com.tr\/wp-content\/uploads\/2022\/04\/MEIR_Logo.png\" \/>\n<meta name=\"twitter:card\" content=\"summary_large_image\" \/>\n<meta name=\"twitter:label1\" content=\"Tahmini okuma s\u00fcresi\" \/>\n\t<meta name=\"twitter:data1\" content=\"2 dakika\" \/>\n<script type=\"application\/ld+json\" class=\"yoast-schema-graph\">{\"@context\":\"https:\\\/\\\/schema.org\",\"@graph\":[{\"@type\":\"WebPage\",\"@id\":\"https:\\\/\\\/if.com.tr\\\/index.php\\\/fr\\\/meir-2\\\/\",\"url\":\"https:\\\/\\\/if.com.tr\\\/index.php\\\/fr\\\/meir-2\\\/\",\"name\":\"MEIR -\",\"isPartOf\":{\"@id\":\"https:\\\/\\\/if.com.tr\\\/#website\"},\"primaryImageOfPage\":{\"@id\":\"https:\\\/\\\/if.com.tr\\\/index.php\\\/fr\\\/meir-2\\\/#primaryimage\"},\"image\":{\"@id\":\"https:\\\/\\\/if.com.tr\\\/index.php\\\/fr\\\/meir-2\\\/#primaryimage\"},\"thumbnailUrl\":\"https:\\\/\\\/if.com.tr\\\/wp-content\\\/uploads\\\/2022\\\/04\\\/MEIR_Logo.png\",\"datePublished\":\"2022-04-25T21:27:22+00:00\",\"dateModified\":\"2022-11-18T15:36:45+00:00\",\"breadcrumb\":{\"@id\":\"https:\\\/\\\/if.com.tr\\\/index.php\\\/fr\\\/meir-2\\\/#breadcrumb\"},\"inLanguage\":\"tr\",\"potentialAction\":[{\"@type\":\"ReadAction\",\"target\":[\"https:\\\/\\\/if.com.tr\\\/index.php\\\/fr\\\/meir-2\\\/\"]}]},{\"@type\":\"ImageObject\",\"inLanguage\":\"tr\",\"@id\":\"https:\\\/\\\/if.com.tr\\\/index.php\\\/fr\\\/meir-2\\\/#primaryimage\",\"url\":\"https:\\\/\\\/if.com.tr\\\/wp-content\\\/uploads\\\/2022\\\/04\\\/MEIR_Logo.png\",\"contentUrl\":\"https:\\\/\\\/if.com.tr\\\/wp-content\\\/uploads\\\/2022\\\/04\\\/MEIR_Logo.png\",\"width\":453,\"height\":334},{\"@type\":\"BreadcrumbList\",\"@id\":\"https:\\\/\\\/if.com.tr\\\/index.php\\\/fr\\\/meir-2\\\/#breadcrumb\",\"itemListElement\":[{\"@type\":\"ListItem\",\"position\":1,\"name\":\"Anasayfa\",\"item\":\"https:\\\/\\\/if.com.tr\\\/\"},{\"@type\":\"ListItem\",\"position\":2,\"name\":\"MEIR\"}]},{\"@type\":\"WebSite\",\"@id\":\"https:\\\/\\\/if.com.tr\\\/#website\",\"url\":\"https:\\\/\\\/if.com.tr\\\/\",\"name\":\"\",\"description\":\"\",\"potentialAction\":[{\"@type\":\"SearchAction\",\"target\":{\"@type\":\"EntryPoint\",\"urlTemplate\":\"https:\\\/\\\/if.com.tr\\\/?s={search_term_string}\"},\"query-input\":{\"@type\":\"PropertyValueSpecification\",\"valueRequired\":true,\"valueName\":\"search_term_string\"}}],\"inLanguage\":\"tr\"}]}<\/script>\n<!-- \/ Yoast SEO plugin. -->","yoast_head_json":{"title":"MEIR -","robots":{"index":"index","follow":"follow","max-snippet":"max-snippet:-1","max-image-preview":"max-image-preview:large","max-video-preview":"max-video-preview:-1"},"canonical":"https:\/\/if.com.tr\/index.php\/fr\/meir-2\/","og_locale":"tr_TR","og_type":"article","og_title":"MEIR -","og_description":"MEIR est un syst\u00e8me d\u00e9velopp\u00e9 pour enregistrer tous les appareils mobiles, en particulier les t\u00e9l\u00e9phones portables, qui portent un num\u00e9ro IMEI et peuvent se connecter&hellip;","og_url":"https:\/\/if.com.tr\/index.php\/fr\/meir-2\/","article_modified_time":"2022-11-18T15:36:45+00:00","og_image":[{"url":"https:\/\/if.com.tr\/wp-content\/uploads\/2022\/04\/MEIR_Logo.png","type":"","width":"","height":""}],"twitter_card":"summary_large_image","twitter_misc":{"Tahmini okuma s\u00fcresi":"2 dakika"},"schema":{"@context":"https:\/\/schema.org","@graph":[{"@type":"WebPage","@id":"https:\/\/if.com.tr\/index.php\/fr\/meir-2\/","url":"https:\/\/if.com.tr\/index.php\/fr\/meir-2\/","name":"MEIR -","isPartOf":{"@id":"https:\/\/if.com.tr\/#website"},"primaryImageOfPage":{"@id":"https:\/\/if.com.tr\/index.php\/fr\/meir-2\/#primaryimage"},"image":{"@id":"https:\/\/if.com.tr\/index.php\/fr\/meir-2\/#primaryimage"},"thumbnailUrl":"https:\/\/if.com.tr\/wp-content\/uploads\/2022\/04\/MEIR_Logo.png","datePublished":"2022-04-25T21:27:22+00:00","dateModified":"2022-11-18T15:36:45+00:00","breadcrumb":{"@id":"https:\/\/if.com.tr\/index.php\/fr\/meir-2\/#breadcrumb"},"inLanguage":"tr","potentialAction":[{"@type":"ReadAction","target":["https:\/\/if.com.tr\/index.php\/fr\/meir-2\/"]}]},{"@type":"ImageObject","inLanguage":"tr","@id":"https:\/\/if.com.tr\/index.php\/fr\/meir-2\/#primaryimage","url":"https:\/\/if.com.tr\/wp-content\/uploads\/2022\/04\/MEIR_Logo.png","contentUrl":"https:\/\/if.com.tr\/wp-content\/uploads\/2022\/04\/MEIR_Logo.png","width":453,"height":334},{"@type":"BreadcrumbList","@id":"https:\/\/if.com.tr\/index.php\/fr\/meir-2\/#breadcrumb","itemListElement":[{"@type":"ListItem","position":1,"name":"Anasayfa","item":"https:\/\/if.com.tr\/"},{"@type":"ListItem","position":2,"name":"MEIR"}]},{"@type":"WebSite","@id":"https:\/\/if.com.tr\/#website","url":"https:\/\/if.com.tr\/","name":"","description":"","potentialAction":[{"@type":"SearchAction","target":{"@type":"EntryPoint","urlTemplate":"https:\/\/if.com.tr\/?s={search_term_string}"},"query-input":{"@type":"PropertyValueSpecification","valueRequired":true,"valueName":"search_term_string"}}],"inLanguage":"tr"}]}},"_links":{"self":[{"href":"https:\/\/if.com.tr\/index.php\/wp-json\/wp\/v2\/pages\/1037","targetHints":{"allow":["GET"]}}],"collection":[{"href":"https:\/\/if.com.tr\/index.php\/wp-json\/wp\/v2\/pages"}],"about":[{"href":"https:\/\/if.com.tr\/index.php\/wp-json\/wp\/v2\/types\/page"}],"author":[{"embeddable":true,"href":"https:\/\/if.com.tr\/index.php\/wp-json\/wp\/v2\/users\/1"}],"replies":[{"embeddable":true,"href":"https:\/\/if.com.tr\/index.php\/wp-json\/wp\/v2\/comments?post=1037"}],"version-history":[{"count":3,"href":"https:\/\/if.com.tr\/index.php\/wp-json\/wp\/v2\/pages\/1037\/revisions"}],"predecessor-version":[{"id":1723,"href":"https:\/\/if.com.tr\/index.php\/wp-json\/wp\/v2\/pages\/1037\/revisions\/1723"}],"wp:attachment":[{"href":"https:\/\/if.com.tr\/index.php\/wp-json\/wp\/v2\/media?parent=1037"}],"curies":[{"name":"wp","href":"https:\/\/api.w.org\/{rel}","templated":true}]}}