{"id":1042,"date":"2022-04-25T21:30:49","date_gmt":"2022-04-25T21:30:49","guid":{"rendered":"https:\/\/if.com.tr\/?page_id=1042"},"modified":"2022-11-18T18:21:10","modified_gmt":"2022-11-18T18:21:10","slug":"mcks-mobil-cihaz-kayit-sistemi","status":"publish","type":"page","link":"https:\/\/if.com.tr\/index.php\/tr\/mcks-mobil-cihaz-kayit-sistemi\/","title":{"rendered":"MCKS (Mobil Cihaz Kay\u0131t Sistemi)"},"content":{"rendered":"<div id=\"pl-gb1042-69dc27d9d66be\"  class=\"panel-layout\" ><div id=\"pg-gb1042-69dc27d9d66be-0\"  class=\"panel-grid panel-no-style\" ><div id=\"pgc-gb1042-69dc27d9d66be-0-0\"  class=\"panel-grid-cell\" ><div id=\"panel-gb1042-69dc27d9d66be-0-0-0\" class=\"so-panel widget widget_sow-image panel-first-child panel-last-child\" data-index=\"0\" ><div\n\t\t\t\n\t\t\tclass=\"so-widget-sow-image so-widget-sow-image-default-c67d20f9f743-1042\"\n\t\t\t\n\t\t>\n<div class=\"sow-image-container\">\n\t\t<img \n\tsrc=\"https:\/\/if.com.tr\/wp-content\/uploads\/2022\/04\/MEIR_Logo.png\" width=\"150\" height=\"111\" srcset=\"https:\/\/if.com.tr\/wp-content\/uploads\/2022\/04\/MEIR_Logo.png 453w, https:\/\/if.com.tr\/wp-content\/uploads\/2022\/04\/MEIR_Logo-300x221.png 300w\" sizes=\"(max-width: 150px) 100vw, 150px\" alt=\"\" \t\tclass=\"so-widget-image\"\/>\n\t<\/div>\n\n<\/div><\/div><\/div><\/div><div id=\"pg-gb1042-69dc27d9d66be-1\"  class=\"panel-grid panel-no-style\" ><div id=\"pgc-gb1042-69dc27d9d66be-1-0\"  class=\"panel-grid-cell\" ><div id=\"panel-gb1042-69dc27d9d66be-1-0-0\" class=\"so-panel widget widget_sow-image panel-first-child panel-last-child\" data-index=\"1\" ><div\n\t\t\t\n\t\t\tclass=\"so-widget-sow-image so-widget-sow-image-default-8b5b6f678277-1042\"\n\t\t\t\n\t\t>\n<div class=\"sow-image-container\">\n\t\t<img \n\tsrc=\"https:\/\/if.com.tr\/wp-content\/uploads\/2022\/11\/fayda1-768x432.png\" width=\"768\" height=\"432\" srcset=\"https:\/\/if.com.tr\/wp-content\/uploads\/2022\/11\/fayda1-768x432.png 768w, https:\/\/if.com.tr\/wp-content\/uploads\/2022\/11\/fayda1-300x169.png 300w, https:\/\/if.com.tr\/wp-content\/uploads\/2022\/11\/fayda1-1820x1024.png 1820w, https:\/\/if.com.tr\/wp-content\/uploads\/2022\/11\/fayda1-1536x864.png 1536w, https:\/\/if.com.tr\/wp-content\/uploads\/2022\/11\/fayda1-2048x1152.png 2048w\" sizes=\"(max-width: 768px) 100vw, 768px\" title=\"fayda[1]\" alt=\"\" \t\tclass=\"so-widget-image\"\/>\n\t<\/div>\n\n<\/div><\/div><\/div><div id=\"pgc-gb1042-69dc27d9d66be-1-1\"  class=\"panel-grid-cell\" ><div id=\"panel-gb1042-69dc27d9d66be-1-1-0\" class=\"so-panel widget widget_sow-editor panel-first-child panel-last-child\" data-index=\"2\" ><div\n\t\t\t\n\t\t\tclass=\"so-widget-sow-editor so-widget-sow-editor-base\"\n\t\t\t\n\t\t>\n<div class=\"siteorigin-widget-tinymce textwidget\">\n\t<p class=\"p1\">MEIR, cep telefonu ba\u015fta olmak u\u0308zere IMEI numaras\u0131 ta\u015f\u0131yan ve GSM \u015febekesine do\u011frudan\u00a0ba\u011flanabilen tu\u0308m mobil cihazlar\u0131 kay\u0131t alt\u0131na almak u\u0308zere geli\u015ftirilmi\u015f bir sistemdir. Kay\u0131t i\u015flemi\u00a0IMEI numaras\u0131na g\u00f6re yap\u0131ld\u0131\u011f\u0131ndan ki\u015fisel veri i\u00e7ermemekte ve kullan\u0131c\u0131lar\u0131n gu\u0308venli\u011fine\u00a0herhangi bir zarar vermemektedir. MEIR Tu\u0308rkiye\u2019de BTK i\u00e7in Oratech firmas\u0131 taraf\u0131ndan\u00a0geli\u015ftirilmi\u015f olup 2008 y\u0131l\u0131ndan beri ba\u015far\u0131yla \u00e7al\u0131\u015fmaktad\u0131r.<\/p>\n<p>&nbsp;<\/p>\n<p class=\"p1\">MEIR sistemine \u015fu sebeplerden dolay\u0131 ihtiya\u00e7 duyulmu\u015ftur:<\/p>\n<p class=\"p1\">\u2022 Ka\u00e7ak olarak u\u0308lkeye sokulan cihazlar devleti vergi kayb\u0131na u\u011fratmaktayd\u0131<\/p>\n<p class=\"p1\">\u2022 \u00c7al\u0131nt\u0131 cihazlar\u0131n yasad\u0131\u015f\u0131 ticareti yap\u0131labildi\u011finden cep telefonu h\u0131rs\u0131zl\u0131\u011f\u0131 yayg\u0131nd\u0131<\/p>\n<p class=\"p1\">\u2022 Ka\u00e7ak\u00e7\u0131l\u0131k sebebiyle piyasada haks\u0131z rekabet olu\u015fmaktayd\u0131<\/p>\n<p class=\"p1\">\u2022 Standart d\u0131\u015f\u0131 cihazlar u\u0308lkeye girip (\u00f6rn: yu\u0308ksek radyasyon yayan) halk sa\u011fl\u0131\u011f\u0131n\u0131 tehlikeye\u00a0atabilmekteydi<\/p>\n<p class=\"p1\">\u2022 Merkezi bir sistemin olmamas\u0131 sebebiyle GSM operat\u00f6rlerinin gerekli denetimi\u00a0yap\u0131lamamakta idi (ka\u00e7ak veya izin d\u0131\u015f\u0131 baz istasyonu kurulumu\/ta\u015f\u0131nmas\u0131, lisans u\u0308cretlerinin takibi vs.)<\/p>\n<p>&nbsp;<\/p>\n<p class=\"p1\">MEIR bu\u0308tu\u0308n bu sorunlar\u0131 \u00e7\u00f6zerek devletin mobil cihaz ithalat\u0131 ve ticaretinden kaynaklanan vergi\u00a0gelirini garanti alt\u0131na alm\u0131\u015f, \u00e7al\u0131nt\u0131-kay\u0131p-sahte telefonlar\u0131n ticaretini \u00f6nleyerek genel gu\u0308venli\u011fe ve\u00a0bu piyasada du\u0308zeni sa\u011flayarak ekonomiye\u00a0 katk\u0131da bulunmu\u015ftur.<\/p>\n<\/div>\n<\/div><\/div><\/div><\/div><\/div>","protected":false},"excerpt":{"rendered":"<p>MEIR, cep telefonu ba\u015fta olmak u\u0308zere IMEI numaras\u0131 ta\u015f\u0131yan ve GSM \u015febekesine do\u011frudan\u00a0ba\u011flanabilen tu\u0308m mobil cihazlar\u0131 kay\u0131t alt\u0131na almak u\u0308zere geli\u015ftirilmi\u015f bir sistemdir. Kay\u0131t i\u015flemi\u00a0IMEI&hellip;<\/p>\n","protected":false},"author":1,"featured_media":0,"parent":0,"menu_order":0,"comment_status":"closed","ping_status":"closed","template":"","meta":{"footnotes":""},"class_list":["post-1042","page","type-page","status-publish","hentry"],"yoast_head":"<!-- This site is optimized with the Yoast SEO plugin v27.3 - https:\/\/yoast.com\/product\/yoast-seo-wordpress\/ -->\n<title>MCKS (Mobil Cihaz Kay\u0131t Sistemi) -<\/title>\n<meta name=\"robots\" content=\"index, follow, max-snippet:-1, max-image-preview:large, max-video-preview:-1\" \/>\n<link rel=\"canonical\" href=\"https:\/\/if.com.tr\/index.php\/tr\/mcks-mobil-cihaz-kayit-sistemi\/\" \/>\n<meta property=\"og:locale\" content=\"tr_TR\" \/>\n<meta property=\"og:type\" content=\"article\" \/>\n<meta property=\"og:title\" content=\"MCKS (Mobil Cihaz Kay\u0131t Sistemi) -\" \/>\n<meta property=\"og:description\" content=\"MEIR, cep telefonu ba\u015fta olmak u\u0308zere IMEI numaras\u0131 ta\u015f\u0131yan ve GSM \u015febekesine do\u011frudan\u00a0ba\u011flanabilen tu\u0308m mobil cihazlar\u0131 kay\u0131t alt\u0131na almak u\u0308zere geli\u015ftirilmi\u015f bir sistemdir. Kay\u0131t i\u015flemi\u00a0IMEI&hellip;\" \/>\n<meta property=\"og:url\" content=\"https:\/\/if.com.tr\/index.php\/tr\/mcks-mobil-cihaz-kayit-sistemi\/\" \/>\n<meta property=\"article:modified_time\" content=\"2022-11-18T18:21:10+00:00\" \/>\n<meta property=\"og:image\" content=\"https:\/\/if.com.tr\/wp-content\/uploads\/2022\/04\/MEIR_Logo.png\" \/>\n<meta name=\"twitter:card\" content=\"summary_large_image\" \/>\n<meta name=\"twitter:label1\" content=\"Tahmini okuma s\u00fcresi\" \/>\n\t<meta name=\"twitter:data1\" content=\"2 dakika\" \/>\n<script type=\"application\/ld+json\" class=\"yoast-schema-graph\">{\"@context\":\"https:\\\/\\\/schema.org\",\"@graph\":[{\"@type\":\"WebPage\",\"@id\":\"https:\\\/\\\/if.com.tr\\\/index.php\\\/tr\\\/mcks-mobil-cihaz-kayit-sistemi\\\/\",\"url\":\"https:\\\/\\\/if.com.tr\\\/index.php\\\/tr\\\/mcks-mobil-cihaz-kayit-sistemi\\\/\",\"name\":\"MCKS (Mobil Cihaz Kay\u0131t Sistemi) -\",\"isPartOf\":{\"@id\":\"https:\\\/\\\/if.com.tr\\\/#website\"},\"primaryImageOfPage\":{\"@id\":\"https:\\\/\\\/if.com.tr\\\/index.php\\\/tr\\\/mcks-mobil-cihaz-kayit-sistemi\\\/#primaryimage\"},\"image\":{\"@id\":\"https:\\\/\\\/if.com.tr\\\/index.php\\\/tr\\\/mcks-mobil-cihaz-kayit-sistemi\\\/#primaryimage\"},\"thumbnailUrl\":\"https:\\\/\\\/if.com.tr\\\/wp-content\\\/uploads\\\/2022\\\/04\\\/MEIR_Logo.png\",\"datePublished\":\"2022-04-25T21:30:49+00:00\",\"dateModified\":\"2022-11-18T18:21:10+00:00\",\"breadcrumb\":{\"@id\":\"https:\\\/\\\/if.com.tr\\\/index.php\\\/tr\\\/mcks-mobil-cihaz-kayit-sistemi\\\/#breadcrumb\"},\"inLanguage\":\"tr\",\"potentialAction\":[{\"@type\":\"ReadAction\",\"target\":[\"https:\\\/\\\/if.com.tr\\\/index.php\\\/tr\\\/mcks-mobil-cihaz-kayit-sistemi\\\/\"]}]},{\"@type\":\"ImageObject\",\"inLanguage\":\"tr\",\"@id\":\"https:\\\/\\\/if.com.tr\\\/index.php\\\/tr\\\/mcks-mobil-cihaz-kayit-sistemi\\\/#primaryimage\",\"url\":\"https:\\\/\\\/if.com.tr\\\/wp-content\\\/uploads\\\/2022\\\/04\\\/MEIR_Logo.png\",\"contentUrl\":\"https:\\\/\\\/if.com.tr\\\/wp-content\\\/uploads\\\/2022\\\/04\\\/MEIR_Logo.png\",\"width\":453,\"height\":334},{\"@type\":\"BreadcrumbList\",\"@id\":\"https:\\\/\\\/if.com.tr\\\/index.php\\\/tr\\\/mcks-mobil-cihaz-kayit-sistemi\\\/#breadcrumb\",\"itemListElement\":[{\"@type\":\"ListItem\",\"position\":1,\"name\":\"Anasayfa\",\"item\":\"https:\\\/\\\/if.com.tr\\\/\"},{\"@type\":\"ListItem\",\"position\":2,\"name\":\"MCKS (Mobil Cihaz Kay\u0131t Sistemi)\"}]},{\"@type\":\"WebSite\",\"@id\":\"https:\\\/\\\/if.com.tr\\\/#website\",\"url\":\"https:\\\/\\\/if.com.tr\\\/\",\"name\":\"\",\"description\":\"\",\"potentialAction\":[{\"@type\":\"SearchAction\",\"target\":{\"@type\":\"EntryPoint\",\"urlTemplate\":\"https:\\\/\\\/if.com.tr\\\/?s={search_term_string}\"},\"query-input\":{\"@type\":\"PropertyValueSpecification\",\"valueRequired\":true,\"valueName\":\"search_term_string\"}}],\"inLanguage\":\"tr\"}]}<\/script>\n<!-- \/ Yoast SEO plugin. -->","yoast_head_json":{"title":"MCKS (Mobil Cihaz Kay\u0131t Sistemi) -","robots":{"index":"index","follow":"follow","max-snippet":"max-snippet:-1","max-image-preview":"max-image-preview:large","max-video-preview":"max-video-preview:-1"},"canonical":"https:\/\/if.com.tr\/index.php\/tr\/mcks-mobil-cihaz-kayit-sistemi\/","og_locale":"tr_TR","og_type":"article","og_title":"MCKS (Mobil Cihaz Kay\u0131t Sistemi) -","og_description":"MEIR, cep telefonu ba\u015fta olmak u\u0308zere IMEI numaras\u0131 ta\u015f\u0131yan ve GSM \u015febekesine do\u011frudan\u00a0ba\u011flanabilen tu\u0308m mobil cihazlar\u0131 kay\u0131t alt\u0131na almak u\u0308zere geli\u015ftirilmi\u015f bir sistemdir. Kay\u0131t i\u015flemi\u00a0IMEI&hellip;","og_url":"https:\/\/if.com.tr\/index.php\/tr\/mcks-mobil-cihaz-kayit-sistemi\/","article_modified_time":"2022-11-18T18:21:10+00:00","og_image":[{"url":"https:\/\/if.com.tr\/wp-content\/uploads\/2022\/04\/MEIR_Logo.png","type":"","width":"","height":""}],"twitter_card":"summary_large_image","twitter_misc":{"Tahmini okuma s\u00fcresi":"2 dakika"},"schema":{"@context":"https:\/\/schema.org","@graph":[{"@type":"WebPage","@id":"https:\/\/if.com.tr\/index.php\/tr\/mcks-mobil-cihaz-kayit-sistemi\/","url":"https:\/\/if.com.tr\/index.php\/tr\/mcks-mobil-cihaz-kayit-sistemi\/","name":"MCKS (Mobil Cihaz Kay\u0131t Sistemi) -","isPartOf":{"@id":"https:\/\/if.com.tr\/#website"},"primaryImageOfPage":{"@id":"https:\/\/if.com.tr\/index.php\/tr\/mcks-mobil-cihaz-kayit-sistemi\/#primaryimage"},"image":{"@id":"https:\/\/if.com.tr\/index.php\/tr\/mcks-mobil-cihaz-kayit-sistemi\/#primaryimage"},"thumbnailUrl":"https:\/\/if.com.tr\/wp-content\/uploads\/2022\/04\/MEIR_Logo.png","datePublished":"2022-04-25T21:30:49+00:00","dateModified":"2022-11-18T18:21:10+00:00","breadcrumb":{"@id":"https:\/\/if.com.tr\/index.php\/tr\/mcks-mobil-cihaz-kayit-sistemi\/#breadcrumb"},"inLanguage":"tr","potentialAction":[{"@type":"ReadAction","target":["https:\/\/if.com.tr\/index.php\/tr\/mcks-mobil-cihaz-kayit-sistemi\/"]}]},{"@type":"ImageObject","inLanguage":"tr","@id":"https:\/\/if.com.tr\/index.php\/tr\/mcks-mobil-cihaz-kayit-sistemi\/#primaryimage","url":"https:\/\/if.com.tr\/wp-content\/uploads\/2022\/04\/MEIR_Logo.png","contentUrl":"https:\/\/if.com.tr\/wp-content\/uploads\/2022\/04\/MEIR_Logo.png","width":453,"height":334},{"@type":"BreadcrumbList","@id":"https:\/\/if.com.tr\/index.php\/tr\/mcks-mobil-cihaz-kayit-sistemi\/#breadcrumb","itemListElement":[{"@type":"ListItem","position":1,"name":"Anasayfa","item":"https:\/\/if.com.tr\/"},{"@type":"ListItem","position":2,"name":"MCKS (Mobil Cihaz Kay\u0131t Sistemi)"}]},{"@type":"WebSite","@id":"https:\/\/if.com.tr\/#website","url":"https:\/\/if.com.tr\/","name":"","description":"","potentialAction":[{"@type":"SearchAction","target":{"@type":"EntryPoint","urlTemplate":"https:\/\/if.com.tr\/?s={search_term_string}"},"query-input":{"@type":"PropertyValueSpecification","valueRequired":true,"valueName":"search_term_string"}}],"inLanguage":"tr"}]}},"_links":{"self":[{"href":"https:\/\/if.com.tr\/index.php\/wp-json\/wp\/v2\/pages\/1042","targetHints":{"allow":["GET"]}}],"collection":[{"href":"https:\/\/if.com.tr\/index.php\/wp-json\/wp\/v2\/pages"}],"about":[{"href":"https:\/\/if.com.tr\/index.php\/wp-json\/wp\/v2\/types\/page"}],"author":[{"embeddable":true,"href":"https:\/\/if.com.tr\/index.php\/wp-json\/wp\/v2\/users\/1"}],"replies":[{"embeddable":true,"href":"https:\/\/if.com.tr\/index.php\/wp-json\/wp\/v2\/comments?post=1042"}],"version-history":[{"count":3,"href":"https:\/\/if.com.tr\/index.php\/wp-json\/wp\/v2\/pages\/1042\/revisions"}],"predecessor-version":[{"id":1726,"href":"https:\/\/if.com.tr\/index.php\/wp-json\/wp\/v2\/pages\/1042\/revisions\/1726"}],"wp:attachment":[{"href":"https:\/\/if.com.tr\/index.php\/wp-json\/wp\/v2\/media?parent=1042"}],"curies":[{"name":"wp","href":"https:\/\/api.w.org\/{rel}","templated":true}]}}