{"id":1399,"date":"2022-06-10T19:02:38","date_gmt":"2022-06-10T19:02:38","guid":{"rendered":"https:\/\/if.com.tr\/?page_id=1399"},"modified":"2022-11-19T17:47:24","modified_gmt":"2022-11-19T17:47:24","slug":"hakkimizda","status":"publish","type":"page","link":"https:\/\/if.com.tr\/index.php\/tr\/hakkimizda\/","title":{"rendered":"Hakk\u0131m\u0131zda"},"content":{"rendered":"<div id=\"pl-gb1399-69d30c2d7f810\"  class=\"panel-layout\" ><div id=\"pg-gb1399-69d30c2d7f810-0\"  class=\"panel-grid panel-no-style\" ><div id=\"pgc-gb1399-69d30c2d7f810-0-0\"  class=\"panel-grid-cell\" ><div id=\"panel-gb1399-69d30c2d7f810-0-0-0\" class=\"so-panel widget widget_sow-editor panel-first-child panel-last-child\" data-index=\"0\" ><div\n\t\t\t\n\t\t\tclass=\"so-widget-sow-editor so-widget-sow-editor-base\"\n\t\t\t\n\t\t>\n<div class=\"siteorigin-widget-tinymce textwidget\">\n\t<p>iF Elektronik Ltd. (<strong>iF<\/strong>) 1981 y\u0131l\u0131nda Cidde\u2019de kurulmu\u015f olup kurulu\u015fundan bu yana yenilik\u00e7i projelere \u00f6nc\u00fcl\u00fck etmi\u015ftir. 1981 \u2013 1986 y\u0131llar\u0131 Suudi Arabistan ve K\u00f6rfez \u00fclkelerinde Raytheon, Videcom ve Elkhreiji ile ortakl\u0131k yapan iF ba\u015fta SAUDIA olmak \u00fczere 100\u2019e yak\u0131n havayolu \u015firketi ile \u00e7al\u0131\u015fm\u0131\u015f, yeni a\u00e7\u0131lan Cidde, Riyad, Medine ve Dahran havaalanlar\u0131n\u0131n rezervasyon, biletleme, bini\u015f kart\u0131 ve bagaj etiket sistemlerinin otomasyonunu ger\u00e7ekle\u015ftirmi\u015ftir.<\/p>\n<p>1986 \u2013 1990 aras\u0131 ise Diebold ve Alhamrani ile birlikte finans otomasyonuna y\u00f6nelen iF, Suudi Arabistan\u2019\u0131n en b\u00fcy\u00fck\u00a0bankalar\u0131 ile \u00f6deme sistemleri konusunda piyasan\u0131n %70\u2019ine hakim olmu\u015ftur. National Commercial Bank (NCB), Al-Rajhi ve Riyadh Bank de dahil olmak \u00fczere bankac\u0131l\u0131k ve finans otomasyonu konusunda uzmanla\u015fan iF 1991\u2019den\u00a0itibaren T\u00fcrkiye\u2019de yo\u011funla\u015fm\u0131\u015ft\u0131r.<\/p>\n<p>IT (Information Technology) konusunda d\u00fcnyan\u0131n 1 numaral\u0131 dan\u0131\u015fmanl\u0131k \u015firketi olan Gartner Group\u2019un T\u00fcrkiye temsilci\u011fini \u00fcstlenen iF bu d\u00f6nemde T\u00fcrkiye Merkez Bankas\u0131, T\u00fcrkiye \u0130\u015f Bankas\u0131, T\u00fcrk Hava Kuvvetleri, Turkcell, Ko\u00e7 Holding, Eczac\u0131ba\u015f\u0131 Holding, \u00c7ukurova Holding de dahil olmak \u00fczere pek \u00e7ok kurum ve kurulu\u015fa dan\u0131\u015fmanl\u0131k hizmeti vermi\u015ftir (<a href=\"http:\/\/if.com.tr\"><strong>www.if.com.tr<\/strong><\/a>). Haziran 1995 \u2013 May\u0131s 2001 aras\u0131nda Halk Bankas\u0131\u2019n\u0131n dan\u0131\u015fmanl\u0131\u011f\u0131n\u0131 \u00fcstlenen iF bu bankan\u0131n manuel sistemden otomasyona ge\u00e7i\u015fini ger\u00e7ekle\u015ftirmi\u015f ve 1000 civar\u0131nda \u015fubenin online real-time sistemde \u00e7al\u0131\u015fmas\u0131n\u0131 sa\u011flam\u0131\u015ft\u0131r. CIO (Chief Information Officer), TCO (Total Cost of Ownership), IT Audit, ba\u011f\u0131ms\u0131z dan\u0131\u015fmanl\u0131k (independent consultancy) gibi kavramlar T\u00fcrkiye\u2019de ilk olarak bu projeyle kullan\u0131l\u0131p ve yo\u011fun IT kullanan t\u00fcm kurulu\u015flarda yerle\u015fmesi sa\u011flanm\u0131\u015ft\u0131r.<\/p>\n<p>2015 \u2013 2018 y\u0131llar\u0131 aras\u0131nda iF Alhamrani ile birlikte finansman arayan ve yurt d\u0131\u015f\u0131na a\u00e7\u0131lmak isteyen IT Start-up \u015firketlerini inceleyerek de\u011ferlendirmi\u015ftir. Bu ama\u00e7la \u0130stanbul ve \u00e7evresinde Y\u0131ld\u0131z, \u0130T\u00dc Ar\u0131, Bo\u011fazi\u00e7i, Kocaeli, Ankara\u2019da ise Bilkent Cyberpark, Gazi \u00dcniversitesi ve ODT\u00dc Teknokentlerindeki pek \u00e7ok yeni \u015firketin geli\u015fimine katk\u0131da bulunmu\u015ftur.<\/p>\n<p>Son y\u0131llarda ise iF, mobil sistemlerin yayg\u0131nla\u015fmas\u0131yla sistem entegrat\u00f6r olarak i\u015f ortaklar\u0131yla birlikte bu alanda<br \/>\n\u00e7al\u0131\u015fmaya ba\u015flam\u0131\u015ft\u0131r. Cep telefonu ithalat\u0131nda devletlerin b\u00fcy\u00fck vergi kay\u0131plar\u0131na u\u011framas\u0131 ile ba\u015flayan aray\u0131\u015f\u0131n sonucu olarak geli\u015ftirilen <strong>MEIR<\/strong> (Mobile Equipment Identity Register) sisteminin yurt d\u0131\u015f\u0131na a\u00e7\u0131l\u0131m\u0131 konusunda 20 civar\u0131nda \u00fclke ziyaret edilerek MEIR\u2019in tan\u0131t\u0131m\u0131 ger\u00e7ekle\u015ftirilmi\u015ftir. T\u00fcrkiye\u2019de BTK\u2019n\u0131n (Bilgi Teknolojileri Kurumu) kulland\u0131\u011f\u0131 MEIR yurt i\u00e7inde kullan\u0131lan b\u00fct\u00fcn mobil cihazlar\u0131n kay\u0131tl\u0131 ve legal olarak \u00e7al\u0131\u015fmas\u0131n\u0131 sa\u011flamaktad\u0131r. Her t\u00fcrl\u00fc kay\u0131p-ka\u00e7ak-\u00e7al\u0131nt\u0131 veya klonlanm\u0131\u015f cihaz\u0131n sistemde \u00e7al\u0131\u015fmas\u0131 engellenerek T\u00fcrk devletinin y\u0131lda 2 milyara dolara yak\u0131n vergi geliri elde etmesi sa\u011flanm\u0131\u015ft\u0131r. iF MEIR\u2019in Ortado\u011fu, Orta Asya ve Afrika\u2019da pazarlan\u0131p T\u00fcrkiye\u2019den yurt d\u0131\u015f\u0131na en yeni teknolojilerle yaz\u0131l\u0131m ihracat\u0131n\u0131 art\u0131rmak hedefine do\u011fru ilerlemektedir.<\/p>\n<p>\u0130\u015f hayat\u0131 yan\u0131nda iF 1992 y\u0131l\u0131nda iF-Art olarak \u00fcstlendi\u011fi sanat\u0131 destekleme misyonunu 1996\u2019da Emel-Orhan Karado\u011fan Koleksiyonuna \u00e7evirmi\u015ftir. Bu misyon 2020 y\u0131l\u0131ndan itibaren \u00e7e\u015fitli sanat projeleri ile desteklenmektedir.<\/p>\n<p>Amac\u0131 sanat\u0131 yurda yaymak, sevdirmek ve yerel sanat\u00e7\u0131lar\u0131 tan\u0131tmak olan faaliyetlerimiz burslar, sergiler ve \u00f6d\u00fcll\u00fc projeler \u015feklinde devam etmektedir. Bursiyer say\u0131m\u0131z 50, da\u011f\u0131t\u0131lan m\u00fcze gezisi \u00f6d\u00fcl say\u0131s\u0131 100 ve eser say\u0131m\u0131z 5000\u2019in \u00fczerine \u00e7\u0131km\u0131\u015ft\u0131r. <a href=\"http:\/\/art.if.com.tr\"><strong>art.if.com.tr<\/strong><\/a> sitemizde izleyebilece\u011finiz eserlerimizle gurur duymaktay\u0131z.<\/p>\n<\/div>\n<\/div><\/div><\/div><\/div><\/div>","protected":false},"excerpt":{"rendered":"<p>iF Elektronik Ltd. (iF) 1981 y\u0131l\u0131nda Cidde\u2019de kurulmu\u015f olup kurulu\u015fundan bu yana yenilik\u00e7i projelere \u00f6nc\u00fcl\u00fck etmi\u015ftir. 1981 \u2013 1986 y\u0131llar\u0131 Suudi Arabistan ve K\u00f6rfez \u00fclkelerinde&hellip;<\/p>\n","protected":false},"author":1,"featured_media":0,"parent":0,"menu_order":0,"comment_status":"closed","ping_status":"closed","template":"","meta":{"footnotes":""},"class_list":["post-1399","page","type-page","status-publish","hentry"],"yoast_head":"<!-- This site is optimized with the Yoast SEO plugin v27.3 - https:\/\/yoast.com\/product\/yoast-seo-wordpress\/ -->\n<title>Hakk\u0131m\u0131zda -<\/title>\n<meta name=\"robots\" content=\"index, follow, max-snippet:-1, max-image-preview:large, max-video-preview:-1\" \/>\n<link rel=\"canonical\" href=\"https:\/\/if.com.tr\/index.php\/tr\/hakkimizda\/\" \/>\n<meta property=\"og:locale\" content=\"tr_TR\" \/>\n<meta property=\"og:type\" content=\"article\" \/>\n<meta property=\"og:title\" content=\"Hakk\u0131m\u0131zda -\" \/>\n<meta property=\"og:description\" content=\"iF Elektronik Ltd. (iF) 1981 y\u0131l\u0131nda Cidde\u2019de kurulmu\u015f olup kurulu\u015fundan bu yana yenilik\u00e7i projelere \u00f6nc\u00fcl\u00fck etmi\u015ftir. 1981 \u2013 1986 y\u0131llar\u0131 Suudi Arabistan ve K\u00f6rfez \u00fclkelerinde&hellip;\" \/>\n<meta property=\"og:url\" content=\"https:\/\/if.com.tr\/index.php\/tr\/hakkimizda\/\" \/>\n<meta property=\"article:modified_time\" content=\"2022-11-19T17:47:24+00:00\" \/>\n<meta name=\"twitter:card\" content=\"summary_large_image\" \/>\n<script type=\"application\/ld+json\" class=\"yoast-schema-graph\">{\"@context\":\"https:\\\/\\\/schema.org\",\"@graph\":[{\"@type\":\"WebPage\",\"@id\":\"https:\\\/\\\/if.com.tr\\\/index.php\\\/tr\\\/hakkimizda\\\/\",\"url\":\"https:\\\/\\\/if.com.tr\\\/index.php\\\/tr\\\/hakkimizda\\\/\",\"name\":\"Hakk\u0131m\u0131zda -\",\"isPartOf\":{\"@id\":\"https:\\\/\\\/if.com.tr\\\/#website\"},\"datePublished\":\"2022-06-10T19:02:38+00:00\",\"dateModified\":\"2022-11-19T17:47:24+00:00\",\"breadcrumb\":{\"@id\":\"https:\\\/\\\/if.com.tr\\\/index.php\\\/tr\\\/hakkimizda\\\/#breadcrumb\"},\"inLanguage\":\"tr\",\"potentialAction\":[{\"@type\":\"ReadAction\",\"target\":[\"https:\\\/\\\/if.com.tr\\\/index.php\\\/tr\\\/hakkimizda\\\/\"]}]},{\"@type\":\"BreadcrumbList\",\"@id\":\"https:\\\/\\\/if.com.tr\\\/index.php\\\/tr\\\/hakkimizda\\\/#breadcrumb\",\"itemListElement\":[{\"@type\":\"ListItem\",\"position\":1,\"name\":\"Anasayfa\",\"item\":\"https:\\\/\\\/if.com.tr\\\/\"},{\"@type\":\"ListItem\",\"position\":2,\"name\":\"Hakk\u0131m\u0131zda\"}]},{\"@type\":\"WebSite\",\"@id\":\"https:\\\/\\\/if.com.tr\\\/#website\",\"url\":\"https:\\\/\\\/if.com.tr\\\/\",\"name\":\"\",\"description\":\"\",\"potentialAction\":[{\"@type\":\"SearchAction\",\"target\":{\"@type\":\"EntryPoint\",\"urlTemplate\":\"https:\\\/\\\/if.com.tr\\\/?s={search_term_string}\"},\"query-input\":{\"@type\":\"PropertyValueSpecification\",\"valueRequired\":true,\"valueName\":\"search_term_string\"}}],\"inLanguage\":\"tr\"}]}<\/script>\n<!-- \/ Yoast SEO plugin. -->","yoast_head_json":{"title":"Hakk\u0131m\u0131zda -","robots":{"index":"index","follow":"follow","max-snippet":"max-snippet:-1","max-image-preview":"max-image-preview:large","max-video-preview":"max-video-preview:-1"},"canonical":"https:\/\/if.com.tr\/index.php\/tr\/hakkimizda\/","og_locale":"tr_TR","og_type":"article","og_title":"Hakk\u0131m\u0131zda -","og_description":"iF Elektronik Ltd. (iF) 1981 y\u0131l\u0131nda Cidde\u2019de kurulmu\u015f olup kurulu\u015fundan bu yana yenilik\u00e7i projelere \u00f6nc\u00fcl\u00fck etmi\u015ftir. 1981 \u2013 1986 y\u0131llar\u0131 Suudi Arabistan ve K\u00f6rfez \u00fclkelerinde&hellip;","og_url":"https:\/\/if.com.tr\/index.php\/tr\/hakkimizda\/","article_modified_time":"2022-11-19T17:47:24+00:00","twitter_card":"summary_large_image","schema":{"@context":"https:\/\/schema.org","@graph":[{"@type":"WebPage","@id":"https:\/\/if.com.tr\/index.php\/tr\/hakkimizda\/","url":"https:\/\/if.com.tr\/index.php\/tr\/hakkimizda\/","name":"Hakk\u0131m\u0131zda -","isPartOf":{"@id":"https:\/\/if.com.tr\/#website"},"datePublished":"2022-06-10T19:02:38+00:00","dateModified":"2022-11-19T17:47:24+00:00","breadcrumb":{"@id":"https:\/\/if.com.tr\/index.php\/tr\/hakkimizda\/#breadcrumb"},"inLanguage":"tr","potentialAction":[{"@type":"ReadAction","target":["https:\/\/if.com.tr\/index.php\/tr\/hakkimizda\/"]}]},{"@type":"BreadcrumbList","@id":"https:\/\/if.com.tr\/index.php\/tr\/hakkimizda\/#breadcrumb","itemListElement":[{"@type":"ListItem","position":1,"name":"Anasayfa","item":"https:\/\/if.com.tr\/"},{"@type":"ListItem","position":2,"name":"Hakk\u0131m\u0131zda"}]},{"@type":"WebSite","@id":"https:\/\/if.com.tr\/#website","url":"https:\/\/if.com.tr\/","name":"","description":"","potentialAction":[{"@type":"SearchAction","target":{"@type":"EntryPoint","urlTemplate":"https:\/\/if.com.tr\/?s={search_term_string}"},"query-input":{"@type":"PropertyValueSpecification","valueRequired":true,"valueName":"search_term_string"}}],"inLanguage":"tr"}]}},"_links":{"self":[{"href":"https:\/\/if.com.tr\/index.php\/wp-json\/wp\/v2\/pages\/1399","targetHints":{"allow":["GET"]}}],"collection":[{"href":"https:\/\/if.com.tr\/index.php\/wp-json\/wp\/v2\/pages"}],"about":[{"href":"https:\/\/if.com.tr\/index.php\/wp-json\/wp\/v2\/types\/page"}],"author":[{"embeddable":true,"href":"https:\/\/if.com.tr\/index.php\/wp-json\/wp\/v2\/users\/1"}],"replies":[{"embeddable":true,"href":"https:\/\/if.com.tr\/index.php\/wp-json\/wp\/v2\/comments?post=1399"}],"version-history":[{"count":5,"href":"https:\/\/if.com.tr\/index.php\/wp-json\/wp\/v2\/pages\/1399\/revisions"}],"predecessor-version":[{"id":1738,"href":"https:\/\/if.com.tr\/index.php\/wp-json\/wp\/v2\/pages\/1399\/revisions\/1738"}],"wp:attachment":[{"href":"https:\/\/if.com.tr\/index.php\/wp-json\/wp\/v2\/media?parent=1399"}],"curies":[{"name":"wp","href":"https:\/\/api.w.org\/{rel}","templated":true}]}}