{"id":1406,"date":"2022-06-15T08:54:52","date_gmt":"2022-06-15T08:54:52","guid":{"rendered":"https:\/\/if.com.tr\/?page_id=1406"},"modified":"2022-11-19T17:46:01","modified_gmt":"2022-11-19T17:46:01","slug":"sur","status":"publish","type":"page","link":"https:\/\/if.com.tr\/index.php\/fr\/sur\/","title":{"rendered":"Sur"},"content":{"rendered":"<div id=\"pl-gb1406-69dc52a43ee68\"  class=\"panel-layout\" ><div id=\"pg-gb1406-69dc52a43ee68-0\"  class=\"panel-grid panel-no-style\" ><div id=\"pgc-gb1406-69dc52a43ee68-0-0\"  class=\"panel-grid-cell\" ><div id=\"panel-gb1406-69dc52a43ee68-0-0-0\" class=\"so-panel widget widget_sow-editor panel-first-child panel-last-child\" data-index=\"0\" ><div\n\t\t\t\n\t\t\tclass=\"so-widget-sow-editor so-widget-sow-editor-base\"\n\t\t\t\n\t\t>\n<div class=\"siteorigin-widget-tinymce textwidget\">\n\t<p>iF \u00c9lectronique Ltd. (<strong>iF<\/strong>) a \u00e9t\u00e9 fonde \u00e0 Jeddah, en Arabie Saoudite et depuis sa fondation a r\u00e9alis\u00e9 des projets avant garde. De 1981 a 1986, en Arabie Saudite et dans les pays de Golfe, iF \u00e9tait en parteneriat avec Raytheon, Videcom et Elkhreiji. iF a servi proche de 100 compagnie a\u00e9riennes en r\u00e9alisant, l\u2019automatisation de la billetterie, des cartes d\u2019acc\u00e8s \u00e0 bord et des \u00e9tiquettes de bagages pour les a\u00e9roports de Jeddah, Riyadh, M\u00e9dina et Dhahran.<\/p>\n<p>De 1986 a 1990, en collaboration avec Diebold et Alhamrani, iF a r\u00e9alis\u00e9 l\u2019automatisation des syst\u00e8mes banquiers et financiers pour les plus grandes banques de L\u2019Arabie Saoudite et a obtenu 70% des parts de march\u00e9 dans ce pays. Suite aux gains de comp\u00e9tence des r\u00e9alisations des projets, principalement avec la banque nationale commerciale (NCB), Al Rajhi et La banque de Riyadh, iF, s\u2019est concentr\u00e9 des 1991, sur le march\u00e9 de la Turquie.<\/p>\n<p><strong>iF<\/strong> \u00e9tait le repr\u00e9sentant de Gartner Group (leader mondiale de IT consulting) en Turquie, et \u00e9tait en partenariat avec plusieurs institutions et entreprises, y inclus La Banque centrale Turque, La Banque d\u2019affaire de Turquie \u2018\u2019Is bankasi\u2019\u2019, Les Forces A\u00e9riennes Turques, de La compagnie de t\u00e9l\u00e9communication \u2018\u2019Turkcell\u2019\u2019, Koc Holding, Eczacibasi Holding et Cukurova Holding, (www.if.com.tr). De Juin 1995 jusqu\u2019\u00e0 Mai 2001, iF a consult\u00e9 pour la banque populaire (Halk Bankasi) et a r\u00e9alis\u00e9 l\u2019automatisation de leur syst\u00e8mes financiers, ce qui a permis la collaboration de plus de mille (1000) succursale de cette banque en temps r\u00e9elle. Les concepts de \u2018\u2019CIO (Chief Information Officer), TCO (Total Cost of Ownership), IT Audit, Independent Consultancy\u2019\u2019 ont \u00e9t\u00e9 utilis\u00e9 la premi\u00e8re fois en Turquie dans ce projet qui a constitu\u00e9 l\u2019exemple \u00e0 suivre, par les entreprises, riches en technologies de l\u2019information.<\/p>\n<p>De 2015 jusqu\u2019au 2018, iF, tout en collaborant avec Alhamrani, a \u00e9valu\u00e9 les comp\u00e9tences des soci\u00e9t\u00e9s de \u201cStart-Up\u201d \u00bb dans la domaine de technologies de l\u2019information (IT) cherchant un financement. Dans ce but, iF a contribu\u00e9 au d\u00e9veloppement de plusieurs entreprises \u00e9manant des collaborations avec l\u2019universit\u00e9, technique de Y\u0131ld\u0131z, Universit\u00e9 technique d\u2019Istanbul (\u0130T\u00dc), Universit\u00e9 de Bosphore (Bo\u011fazi\u00e7i), Universit\u00e9 de Kocaeli, Universit\u00e9 de Bilkent (Cyberpark), Universit\u00e9 de Gazi et Universit\u00e9 Technique de Moyen Orient (METU).<\/p>\n<p>R\u00e9cemment, suite \u00e0 l\u2019expansion des syst\u00e8mes mobiles, avec ses partenaires, iF a commenc\u00e9 \u00e0 travailler comme int\u00e9grateur des syst\u00e8mes (Syst\u00e8mes Int\u00e9gration). Suite aux pertes financiers des \u00e9tats, due \u00e0 l\u2019absence d\u2019imposition des importations des t\u00e9l\u00e9phones mobiles, le syst\u00e8me <strong>MEIR<\/strong> (registration de l\u2019identit\u00e9 des Equipment mobiles) a vu le jour. iF a visit\u00e9 plus de 20 pays pour la commercialisation du syst\u00e8me MEIR. Ce syst\u00e8me utilise par BTK (Autorit\u00e9 de R\u00e9gulation des T\u00e9l\u00e9communications de la Turquie) permet l\u2019enregistrement des appareils mobiles et leur utilisation l\u00e9gale en Turquie.<\/p>\n<p>Ce syst\u00e8me permet \u00e0 l\u2019\u00e9tat Turque d\u2019obtenir deux milliard de dollars d\u2019imp\u00f4ts par an. Le syst\u00e8me emp\u00eache le<br \/>\nfonctionnement to toute appareils vol\u00e9s, clon\u00e9s, perdus ou ill\u00e9gaux. L\u2019ambition d\u2019iF est d\u2019augmenter l\u2019exportations des nouvelles technologies de logiciel de la Turquie, tout en commercialisant MEIR au Moyen Orient, en Asie Centrale, et en Afrique.<\/p>\n<p>Parall\u00e8le \u00e0 ses activit\u00e9s commerciales, iF soutient l&#8217;art en Turquie depuis 1992 sous le nom d&#8217;iF-Art. A partir de 1996, ces efforts ont \u00e9volu\u00e9 pour devenir l&#8217;une des plus grandes collections d&#8217;art du pays. Depuis 2020, la mission soutient \u00e9galement divers projets artistiques.<\/p>\n<p>Dans le but d&#8217;aider les jeunes artistes locaux \u00e0 acc\u00e9der \u00e0 la sc\u00e8ne artistique nationale et internationale, <strong>iF-Art<\/strong> organise des concours, offre des bourses et continue de collectionner des \u0153uvres d&#8217;art. \u00c0 ce jour, plus de 50 bourses et 100 visites de mus\u00e9es sont attribu\u00e9es \u00e0 des artistes \u00e0 succ\u00e8s. Nous sommes \u00e9galement fiers de notre collection d&#8217;art qui a atteint plus de 5000 \u0153uvres d&#8217;art. La collection peut \u00eatre visit\u00e9e sur <a href=\"http:\/\/art.if.com.tr\"><strong>art.if.com.tr<\/strong><\/a> .<\/p>\n<\/div>\n<\/div><\/div><\/div><\/div><\/div>","protected":false},"excerpt":{"rendered":"<p>iF \u00c9lectronique Ltd. (iF) a \u00e9t\u00e9 fonde \u00e0 Jeddah, en Arabie Saoudite et depuis sa fondation a r\u00e9alis\u00e9 des projets avant garde. De 1981 a&hellip;<\/p>\n","protected":false},"author":1,"featured_media":0,"parent":0,"menu_order":0,"comment_status":"closed","ping_status":"closed","template":"","meta":{"footnotes":""},"class_list":["post-1406","page","type-page","status-publish","hentry"],"yoast_head":"<!-- This site is optimized with the Yoast SEO plugin v27.3 - https:\/\/yoast.com\/product\/yoast-seo-wordpress\/ -->\n<title>Sur -<\/title>\n<meta name=\"robots\" content=\"index, follow, max-snippet:-1, max-image-preview:large, max-video-preview:-1\" \/>\n<link rel=\"canonical\" href=\"https:\/\/if.com.tr\/index.php\/fr\/sur\/\" \/>\n<meta property=\"og:locale\" content=\"tr_TR\" \/>\n<meta property=\"og:type\" content=\"article\" \/>\n<meta property=\"og:title\" content=\"Sur -\" \/>\n<meta property=\"og:description\" content=\"iF \u00c9lectronique Ltd. (iF) a \u00e9t\u00e9 fonde \u00e0 Jeddah, en Arabie Saoudite et depuis sa fondation a r\u00e9alis\u00e9 des projets avant garde. De 1981 a&hellip;\" \/>\n<meta property=\"og:url\" content=\"https:\/\/if.com.tr\/index.php\/fr\/sur\/\" \/>\n<meta property=\"article:modified_time\" content=\"2022-11-19T17:46:01+00:00\" \/>\n<meta name=\"twitter:card\" content=\"summary_large_image\" \/>\n<script type=\"application\/ld+json\" class=\"yoast-schema-graph\">{\"@context\":\"https:\\\/\\\/schema.org\",\"@graph\":[{\"@type\":\"WebPage\",\"@id\":\"https:\\\/\\\/if.com.tr\\\/index.php\\\/fr\\\/sur\\\/\",\"url\":\"https:\\\/\\\/if.com.tr\\\/index.php\\\/fr\\\/sur\\\/\",\"name\":\"Sur -\",\"isPartOf\":{\"@id\":\"https:\\\/\\\/if.com.tr\\\/#website\"},\"datePublished\":\"2022-06-15T08:54:52+00:00\",\"dateModified\":\"2022-11-19T17:46:01+00:00\",\"breadcrumb\":{\"@id\":\"https:\\\/\\\/if.com.tr\\\/index.php\\\/fr\\\/sur\\\/#breadcrumb\"},\"inLanguage\":\"tr\",\"potentialAction\":[{\"@type\":\"ReadAction\",\"target\":[\"https:\\\/\\\/if.com.tr\\\/index.php\\\/fr\\\/sur\\\/\"]}]},{\"@type\":\"BreadcrumbList\",\"@id\":\"https:\\\/\\\/if.com.tr\\\/index.php\\\/fr\\\/sur\\\/#breadcrumb\",\"itemListElement\":[{\"@type\":\"ListItem\",\"position\":1,\"name\":\"Anasayfa\",\"item\":\"https:\\\/\\\/if.com.tr\\\/\"},{\"@type\":\"ListItem\",\"position\":2,\"name\":\"Sur\"}]},{\"@type\":\"WebSite\",\"@id\":\"https:\\\/\\\/if.com.tr\\\/#website\",\"url\":\"https:\\\/\\\/if.com.tr\\\/\",\"name\":\"\",\"description\":\"\",\"potentialAction\":[{\"@type\":\"SearchAction\",\"target\":{\"@type\":\"EntryPoint\",\"urlTemplate\":\"https:\\\/\\\/if.com.tr\\\/?s={search_term_string}\"},\"query-input\":{\"@type\":\"PropertyValueSpecification\",\"valueRequired\":true,\"valueName\":\"search_term_string\"}}],\"inLanguage\":\"tr\"}]}<\/script>\n<!-- \/ Yoast SEO plugin. -->","yoast_head_json":{"title":"Sur -","robots":{"index":"index","follow":"follow","max-snippet":"max-snippet:-1","max-image-preview":"max-image-preview:large","max-video-preview":"max-video-preview:-1"},"canonical":"https:\/\/if.com.tr\/index.php\/fr\/sur\/","og_locale":"tr_TR","og_type":"article","og_title":"Sur -","og_description":"iF \u00c9lectronique Ltd. (iF) a \u00e9t\u00e9 fonde \u00e0 Jeddah, en Arabie Saoudite et depuis sa fondation a r\u00e9alis\u00e9 des projets avant garde. De 1981 a&hellip;","og_url":"https:\/\/if.com.tr\/index.php\/fr\/sur\/","article_modified_time":"2022-11-19T17:46:01+00:00","twitter_card":"summary_large_image","schema":{"@context":"https:\/\/schema.org","@graph":[{"@type":"WebPage","@id":"https:\/\/if.com.tr\/index.php\/fr\/sur\/","url":"https:\/\/if.com.tr\/index.php\/fr\/sur\/","name":"Sur -","isPartOf":{"@id":"https:\/\/if.com.tr\/#website"},"datePublished":"2022-06-15T08:54:52+00:00","dateModified":"2022-11-19T17:46:01+00:00","breadcrumb":{"@id":"https:\/\/if.com.tr\/index.php\/fr\/sur\/#breadcrumb"},"inLanguage":"tr","potentialAction":[{"@type":"ReadAction","target":["https:\/\/if.com.tr\/index.php\/fr\/sur\/"]}]},{"@type":"BreadcrumbList","@id":"https:\/\/if.com.tr\/index.php\/fr\/sur\/#breadcrumb","itemListElement":[{"@type":"ListItem","position":1,"name":"Anasayfa","item":"https:\/\/if.com.tr\/"},{"@type":"ListItem","position":2,"name":"Sur"}]},{"@type":"WebSite","@id":"https:\/\/if.com.tr\/#website","url":"https:\/\/if.com.tr\/","name":"","description":"","potentialAction":[{"@type":"SearchAction","target":{"@type":"EntryPoint","urlTemplate":"https:\/\/if.com.tr\/?s={search_term_string}"},"query-input":{"@type":"PropertyValueSpecification","valueRequired":true,"valueName":"search_term_string"}}],"inLanguage":"tr"}]}},"_links":{"self":[{"href":"https:\/\/if.com.tr\/index.php\/wp-json\/wp\/v2\/pages\/1406","targetHints":{"allow":["GET"]}}],"collection":[{"href":"https:\/\/if.com.tr\/index.php\/wp-json\/wp\/v2\/pages"}],"about":[{"href":"https:\/\/if.com.tr\/index.php\/wp-json\/wp\/v2\/types\/page"}],"author":[{"embeddable":true,"href":"https:\/\/if.com.tr\/index.php\/wp-json\/wp\/v2\/users\/1"}],"replies":[{"embeddable":true,"href":"https:\/\/if.com.tr\/index.php\/wp-json\/wp\/v2\/comments?post=1406"}],"version-history":[{"count":3,"href":"https:\/\/if.com.tr\/index.php\/wp-json\/wp\/v2\/pages\/1406\/revisions"}],"predecessor-version":[{"id":1735,"href":"https:\/\/if.com.tr\/index.php\/wp-json\/wp\/v2\/pages\/1406\/revisions\/1735"}],"wp:attachment":[{"href":"https:\/\/if.com.tr\/index.php\/wp-json\/wp\/v2\/media?parent=1406"}],"curies":[{"name":"wp","href":"https:\/\/api.w.org\/{rel}","templated":true}]}}