{"id":1464,"date":"2022-08-16T18:26:06","date_gmt":"2022-08-16T18:26:06","guid":{"rendered":"https:\/\/if.com.tr\/?page_id=1464"},"modified":"2022-11-15T10:56:05","modified_gmt":"2022-11-15T10:56:05","slug":"invitation","status":"publish","type":"page","link":"https:\/\/if.com.tr\/index.php\/fr\/invitation\/","title":{"rendered":"Invitation"},"content":{"rendered":"<div id=\"pl-gb1464-69dc51f049058\"  class=\"panel-layout\" ><div id=\"pg-gb1464-69dc51f049058-0\"  class=\"panel-grid panel-no-style\" ><div id=\"pgc-gb1464-69dc51f049058-0-0\"  class=\"panel-grid-cell panel-grid-cell-empty\" ><\/div><div id=\"pgc-gb1464-69dc51f049058-0-1\"  class=\"panel-grid-cell\" ><div id=\"panel-gb1464-69dc51f049058-0-1-0\" class=\"so-panel widget widget_sow-editor panel-first-child panel-last-child\" data-index=\"0\" ><div\n\t\t\t\n\t\t\tclass=\"so-widget-sow-editor so-widget-sow-editor-base\"\n\t\t\t\n\t\t>\n<div class=\"siteorigin-widget-tinymce textwidget\">\n\t<div class=\"entry-article-part entry-article-header\">\n<ul>\n<li>Benin\n<ul>\n<li><a class=\"plain_color\" title=\"Invitation Benin\" href=\"https:\/\/if.com.tr\/index.php\/fr\/2022\/08\/16\/invitation-benin\/\" rel=\"bookmark\">Lettre<\/a><\/li>\n<\/ul>\n<\/li>\n<li>C\u00f4te d\u2019Ivoire\n<ul>\n<li><a class=\"plain_color\" title=\"Invitation C\u00f4te d\u2019Ivoire\" href=\"https:\/\/if.com.tr\/index.php\/fr\/2022\/04\/28\/invitation-cote-divoire\/\" rel=\"bookmark\">Lettre<\/a><\/li>\n<\/ul>\n<\/li>\n<li class=\"entry-title entry--item\">Gabon\n<ul>\n<li class=\"entry-title entry--item\"><a class=\"plain_color\" title=\"Invitation Gabon\" href=\"https:\/\/if.com.tr\/index.php\/fr\/2022\/08\/16\/invitation-gabon-2\/\" rel=\"bookmark\">Lettre<\/a> 2<\/li>\n<li><a class=\"plain_color\" title=\"Invitation gabonaise\" href=\"https:\/\/if.com.tr\/index.php\/fr\/2022\/04\/28\/invitation-gabonaise\/\" rel=\"bookmark\">Lettre 1<\/a><\/li>\n<\/ul>\n<\/li>\n<li>Gambie\n<ul>\n<li><a href=\"https:\/\/if.com.tr\/index.php\/fr\/2022\/11\/15\/gambie-lettre-dinvitation\/\">Lettre d&#8217;invitation<\/a><\/li>\n<\/ul>\n<\/li>\n<li>Nig\u00e9r\n<ul>\n<li><a class=\"plain_color\" title=\"Invitation nig\u00e9rienne\" href=\"https:\/\/if.com.tr\/index.php\/fr\/2022\/04\/28\/invitation-nigerienne\/\" rel=\"bookmark\">Lettre<\/a><\/li>\n<\/ul>\n<\/li>\n<li>Nig\u00e9ria\n<ul>\n<li><a href=\"https:\/\/if.com.tr\/index.php\/fr\/2022\/08\/17\/lettre-a-la-commission-nigeriane-des-communications\/\">Lettre \u00e0 la Commission Nig\u00e9riane des Communications<\/a><\/li>\n<li><a class=\"plain_color\" title=\"Invitation \u00e0 la Commission Nig\u00e9riane de la Communication\" href=\"https:\/\/if.com.tr\/index.php\/fr\/2022\/04\/28\/invitation-a-la-commission-nigeriane-de-la-communication\/\" rel=\"bookmark\">Lettre<\/a><\/li>\n<\/ul>\n<\/li>\n<li>Ouganda\n<ul>\n<li><a class=\"plain_color\" title=\"Invitation Ouganda\" href=\"https:\/\/if.com.tr\/index.php\/fr\/2022\/04\/28\/invitation-ouganda\/\" rel=\"bookmark\">Lettre<\/a><\/li>\n<\/ul>\n<\/li>\n<li>S\u00e9n\u00e9gal\n<ul>\n<li><a class=\"plain_color\" title=\"Invitation S\u00e9n\u00e9gal\" href=\"https:\/\/if.com.tr\/index.php\/fr\/2022\/04\/28\/invitation-senegal\/\" rel=\"bookmark\">Lettre<\/a><\/li>\n<\/ul>\n<\/li>\n<li>Soudan du Sud\n<ul>\n<li><a class=\"plain_color\" title=\"Invitation au Soudan du Sud\" href=\"https:\/\/if.com.tr\/index.php\/fr\/2022\/04\/28\/invitation-au-soudan-du-sud\/\" rel=\"bookmark\">Lettre<\/a><\/li>\n<\/ul>\n<\/li>\n<\/ul>\n<\/div>\n<\/div>\n<\/div><\/div><\/div><\/div><\/div>","protected":false},"excerpt":{"rendered":"<p>Benin Lettre C\u00f4te d\u2019Ivoire Lettre Gabon Lettre 2 Lettre 1 Gambie Lettre d&#8217;invitation Nig\u00e9r Lettre Nig\u00e9ria Lettre \u00e0 la Commission Nig\u00e9riane des Communications Lettre Ouganda&hellip;<\/p>\n","protected":false},"author":1,"featured_media":0,"parent":0,"menu_order":0,"comment_status":"closed","ping_status":"closed","template":"","meta":{"footnotes":""},"class_list":["post-1464","page","type-page","status-publish","hentry"],"yoast_head":"<!-- This site is optimized with the Yoast SEO plugin v27.3 - https:\/\/yoast.com\/product\/yoast-seo-wordpress\/ -->\n<title>Invitation -<\/title>\n<meta name=\"robots\" content=\"index, follow, max-snippet:-1, max-image-preview:large, max-video-preview:-1\" \/>\n<link rel=\"canonical\" href=\"https:\/\/if.com.tr\/index.php\/fr\/invitation\/\" \/>\n<meta property=\"og:locale\" content=\"tr_TR\" \/>\n<meta property=\"og:type\" content=\"article\" \/>\n<meta property=\"og:title\" content=\"Invitation -\" \/>\n<meta property=\"og:description\" content=\"Benin Lettre C\u00f4te d\u2019Ivoire Lettre Gabon Lettre 2 Lettre 1 Gambie Lettre d&#039;invitation Nig\u00e9r Lettre Nig\u00e9ria Lettre \u00e0 la Commission Nig\u00e9riane des Communications Lettre Ouganda&hellip;\" \/>\n<meta property=\"og:url\" content=\"https:\/\/if.com.tr\/index.php\/fr\/invitation\/\" \/>\n<meta property=\"article:modified_time\" content=\"2022-11-15T10:56:05+00:00\" \/>\n<meta name=\"twitter:card\" content=\"summary_large_image\" \/>\n<script type=\"application\/ld+json\" class=\"yoast-schema-graph\">{\"@context\":\"https:\\\/\\\/schema.org\",\"@graph\":[{\"@type\":\"WebPage\",\"@id\":\"https:\\\/\\\/if.com.tr\\\/index.php\\\/fr\\\/invitation\\\/\",\"url\":\"https:\\\/\\\/if.com.tr\\\/index.php\\\/fr\\\/invitation\\\/\",\"name\":\"Invitation -\",\"isPartOf\":{\"@id\":\"https:\\\/\\\/if.com.tr\\\/#website\"},\"datePublished\":\"2022-08-16T18:26:06+00:00\",\"dateModified\":\"2022-11-15T10:56:05+00:00\",\"breadcrumb\":{\"@id\":\"https:\\\/\\\/if.com.tr\\\/index.php\\\/fr\\\/invitation\\\/#breadcrumb\"},\"inLanguage\":\"tr\",\"potentialAction\":[{\"@type\":\"ReadAction\",\"target\":[\"https:\\\/\\\/if.com.tr\\\/index.php\\\/fr\\\/invitation\\\/\"]}]},{\"@type\":\"BreadcrumbList\",\"@id\":\"https:\\\/\\\/if.com.tr\\\/index.php\\\/fr\\\/invitation\\\/#breadcrumb\",\"itemListElement\":[{\"@type\":\"ListItem\",\"position\":1,\"name\":\"Anasayfa\",\"item\":\"https:\\\/\\\/if.com.tr\\\/\"},{\"@type\":\"ListItem\",\"position\":2,\"name\":\"Invitation\"}]},{\"@type\":\"WebSite\",\"@id\":\"https:\\\/\\\/if.com.tr\\\/#website\",\"url\":\"https:\\\/\\\/if.com.tr\\\/\",\"name\":\"\",\"description\":\"\",\"potentialAction\":[{\"@type\":\"SearchAction\",\"target\":{\"@type\":\"EntryPoint\",\"urlTemplate\":\"https:\\\/\\\/if.com.tr\\\/?s={search_term_string}\"},\"query-input\":{\"@type\":\"PropertyValueSpecification\",\"valueRequired\":true,\"valueName\":\"search_term_string\"}}],\"inLanguage\":\"tr\"}]}<\/script>\n<!-- \/ Yoast SEO plugin. -->","yoast_head_json":{"title":"Invitation -","robots":{"index":"index","follow":"follow","max-snippet":"max-snippet:-1","max-image-preview":"max-image-preview:large","max-video-preview":"max-video-preview:-1"},"canonical":"https:\/\/if.com.tr\/index.php\/fr\/invitation\/","og_locale":"tr_TR","og_type":"article","og_title":"Invitation -","og_description":"Benin Lettre C\u00f4te d\u2019Ivoire Lettre Gabon Lettre 2 Lettre 1 Gambie Lettre d'invitation Nig\u00e9r Lettre Nig\u00e9ria Lettre \u00e0 la Commission Nig\u00e9riane des Communications Lettre Ouganda&hellip;","og_url":"https:\/\/if.com.tr\/index.php\/fr\/invitation\/","article_modified_time":"2022-11-15T10:56:05+00:00","twitter_card":"summary_large_image","schema":{"@context":"https:\/\/schema.org","@graph":[{"@type":"WebPage","@id":"https:\/\/if.com.tr\/index.php\/fr\/invitation\/","url":"https:\/\/if.com.tr\/index.php\/fr\/invitation\/","name":"Invitation -","isPartOf":{"@id":"https:\/\/if.com.tr\/#website"},"datePublished":"2022-08-16T18:26:06+00:00","dateModified":"2022-11-15T10:56:05+00:00","breadcrumb":{"@id":"https:\/\/if.com.tr\/index.php\/fr\/invitation\/#breadcrumb"},"inLanguage":"tr","potentialAction":[{"@type":"ReadAction","target":["https:\/\/if.com.tr\/index.php\/fr\/invitation\/"]}]},{"@type":"BreadcrumbList","@id":"https:\/\/if.com.tr\/index.php\/fr\/invitation\/#breadcrumb","itemListElement":[{"@type":"ListItem","position":1,"name":"Anasayfa","item":"https:\/\/if.com.tr\/"},{"@type":"ListItem","position":2,"name":"Invitation"}]},{"@type":"WebSite","@id":"https:\/\/if.com.tr\/#website","url":"https:\/\/if.com.tr\/","name":"","description":"","potentialAction":[{"@type":"SearchAction","target":{"@type":"EntryPoint","urlTemplate":"https:\/\/if.com.tr\/?s={search_term_string}"},"query-input":{"@type":"PropertyValueSpecification","valueRequired":true,"valueName":"search_term_string"}}],"inLanguage":"tr"}]}},"_links":{"self":[{"href":"https:\/\/if.com.tr\/index.php\/wp-json\/wp\/v2\/pages\/1464","targetHints":{"allow":["GET"]}}],"collection":[{"href":"https:\/\/if.com.tr\/index.php\/wp-json\/wp\/v2\/pages"}],"about":[{"href":"https:\/\/if.com.tr\/index.php\/wp-json\/wp\/v2\/types\/page"}],"author":[{"embeddable":true,"href":"https:\/\/if.com.tr\/index.php\/wp-json\/wp\/v2\/users\/1"}],"replies":[{"embeddable":true,"href":"https:\/\/if.com.tr\/index.php\/wp-json\/wp\/v2\/comments?post=1464"}],"version-history":[{"count":9,"href":"https:\/\/if.com.tr\/index.php\/wp-json\/wp\/v2\/pages\/1464\/revisions"}],"predecessor-version":[{"id":1613,"href":"https:\/\/if.com.tr\/index.php\/wp-json\/wp\/v2\/pages\/1464\/revisions\/1613"}],"wp:attachment":[{"href":"https:\/\/if.com.tr\/index.php\/wp-json\/wp\/v2\/media?parent=1464"}],"curies":[{"name":"wp","href":"https:\/\/api.w.org\/{rel}","templated":true}]}}