{"id":1467,"date":"2022-08-16T18:27:17","date_gmt":"2022-08-16T18:27:17","guid":{"rendered":"https:\/\/if.com.tr\/?page_id=1467"},"modified":"2022-11-15T10:58:13","modified_gmt":"2022-11-15T10:58:13","slug":"davetler","status":"publish","type":"page","link":"https:\/\/if.com.tr\/index.php\/tr\/davetler\/","title":{"rendered":"Davetler"},"content":{"rendered":"<div id=\"pl-gb1467-69e73a3d7d21b\"  class=\"panel-layout\" ><div id=\"pg-gb1467-69e73a3d7d21b-0\"  class=\"panel-grid panel-no-style\" ><div id=\"pgc-gb1467-69e73a3d7d21b-0-0\"  class=\"panel-grid-cell panel-grid-cell-empty\" ><\/div><div id=\"pgc-gb1467-69e73a3d7d21b-0-1\"  class=\"panel-grid-cell\" ><div id=\"panel-gb1467-69e73a3d7d21b-0-1-0\" class=\"so-panel widget widget_sow-editor panel-first-child panel-last-child\" data-index=\"0\" ><div\n\t\t\t\n\t\t\tclass=\"so-widget-sow-editor so-widget-sow-editor-base\"\n\t\t\t\n\t\t>\n<div class=\"siteorigin-widget-tinymce textwidget\">\n\t<ul>\n<li>Benin\n<ul>\n<li><a class=\"plain_color\" title=\"Benin daveti\" href=\"https:\/\/if.com.tr\/index.php\/tr\/2022\/08\/16\/benin-daveti\/\" rel=\"bookmark\">Mektup<\/a><\/li>\n<\/ul>\n<\/li>\n<li>Fildi\u015fi Sahili\n<ul>\n<li><a class=\"plain_color\" title=\"Fildi\u015fi Sahili daveti\" href=\"https:\/\/if.com.tr\/index.php\/tr\/2022\/04\/28\/fildisi-sahili-daveti\/\" rel=\"bookmark\">Mektup<\/a><\/li>\n<\/ul>\n<\/li>\n<li>Gabon\n<ul>\n<li><a class=\"plain_color\" title=\"Gabon daveti\" href=\"https:\/\/if.com.tr\/index.php\/tr\/2022\/08\/16\/gabon-daveti-2\/\" rel=\"bookmark\">Mektup 2<\/a><\/li>\n<li><a class=\"plain_color\" title=\"Gabon daveti\" href=\"https:\/\/if.com.tr\/index.php\/tr\/2022\/04\/28\/gabon-daveti\/\" rel=\"bookmark\">Mektup 1<\/a><\/li>\n<\/ul>\n<\/li>\n<li>Gambiya\n<ul>\n<li><a href=\"https:\/\/if.com.tr\/index.php\/tr\/2022\/11\/15\/gambiya-davet-mektubu\/\">Davet mektubu<\/a><\/li>\n<\/ul>\n<\/li>\n<li>G\u00fcney Sudan\n<ul>\n<li><a class=\"plain_color\" title=\"G\u00fcney Sudan daveti\" href=\"https:\/\/if.com.tr\/index.php\/tr\/2022\/04\/28\/guney-sudan-daveti\/\" rel=\"bookmark\">Mektup<\/a><\/li>\n<\/ul>\n<\/li>\n<li>Nijer\n<ul>\n<li><a class=\"plain_color\" title=\"Nijer daveti\" href=\"https:\/\/if.com.tr\/index.php\/tr\/2022\/04\/28\/nijer-daveti\/\" rel=\"bookmark\">Mektup<\/a><\/li>\n<\/ul>\n<\/li>\n<li>Nijerya\n<ul>\n<li><a href=\"https:\/\/if.com.tr\/index.php\/tr\/2022\/08\/17\/nijerya-iletisim-komisyonuna-mektup\/\">Nijerya \u0130leti\u015fim Komisyonuna Mektup<\/a><\/li>\n<li><a class=\"plain_color\" title=\"Nijerya \u0130leti\u015fim Komisyonu Daveti\" href=\"https:\/\/if.com.tr\/index.php\/tr\/2022\/04\/28\/nijerya-iletisim-komisyonu-daveti\/\" rel=\"bookmark\">Mektup<\/a><\/li>\n<\/ul>\n<\/li>\n<li>Senegal\n<ul>\n<li><a class=\"plain_color\" title=\"Senegal daveti\" href=\"https:\/\/if.com.tr\/index.php\/tr\/2022\/04\/28\/senegal-daveti\/\" rel=\"bookmark\">Mektup<\/a><\/li>\n<\/ul>\n<\/li>\n<li>Uganda\n<ul>\n<li><a class=\"plain_color\" title=\"Uganda daveti\" href=\"https:\/\/if.com.tr\/index.php\/tr\/2022\/04\/28\/uganda-daveti\/\" rel=\"bookmark\">Mektup<\/a><\/li>\n<\/ul>\n<\/li>\n<\/ul>\n<\/div>\n<\/div><\/div><\/div><\/div><\/div>","protected":false},"excerpt":{"rendered":"<p>Benin Mektup Fildi\u015fi Sahili Mektup Gabon Mektup 2 Mektup 1 Gambiya Davet mektubu G\u00fcney Sudan Mektup Nijer Mektup Nijerya Nijerya \u0130leti\u015fim Komisyonuna Mektup Mektup Senegal&hellip;<\/p>\n","protected":false},"author":1,"featured_media":0,"parent":0,"menu_order":0,"comment_status":"closed","ping_status":"closed","template":"","meta":{"footnotes":""},"class_list":["post-1467","page","type-page","status-publish","hentry"],"yoast_head":"<!-- This site is optimized with the Yoast SEO plugin v27.4 - https:\/\/yoast.com\/product\/yoast-seo-wordpress\/ -->\n<title>Davetler -<\/title>\n<meta name=\"robots\" content=\"index, follow, max-snippet:-1, max-image-preview:large, max-video-preview:-1\" \/>\n<link rel=\"canonical\" href=\"https:\/\/if.com.tr\/index.php\/tr\/davetler\/\" \/>\n<meta property=\"og:locale\" content=\"tr_TR\" \/>\n<meta property=\"og:type\" content=\"article\" \/>\n<meta property=\"og:title\" content=\"Davetler -\" \/>\n<meta property=\"og:description\" content=\"Benin Mektup Fildi\u015fi Sahili Mektup Gabon Mektup 2 Mektup 1 Gambiya Davet mektubu G\u00fcney Sudan Mektup Nijer Mektup Nijerya Nijerya \u0130leti\u015fim Komisyonuna Mektup Mektup Senegal&hellip;\" \/>\n<meta property=\"og:url\" content=\"https:\/\/if.com.tr\/index.php\/tr\/davetler\/\" \/>\n<meta property=\"article:modified_time\" content=\"2022-11-15T10:58:13+00:00\" \/>\n<meta name=\"twitter:card\" content=\"summary_large_image\" \/>\n<script type=\"application\/ld+json\" class=\"yoast-schema-graph\">{\"@context\":\"https:\\\/\\\/schema.org\",\"@graph\":[{\"@type\":\"WebPage\",\"@id\":\"https:\\\/\\\/if.com.tr\\\/index.php\\\/tr\\\/davetler\\\/\",\"url\":\"https:\\\/\\\/if.com.tr\\\/index.php\\\/tr\\\/davetler\\\/\",\"name\":\"Davetler -\",\"isPartOf\":{\"@id\":\"https:\\\/\\\/if.com.tr\\\/#website\"},\"datePublished\":\"2022-08-16T18:27:17+00:00\",\"dateModified\":\"2022-11-15T10:58:13+00:00\",\"breadcrumb\":{\"@id\":\"https:\\\/\\\/if.com.tr\\\/index.php\\\/tr\\\/davetler\\\/#breadcrumb\"},\"inLanguage\":\"tr\",\"potentialAction\":[{\"@type\":\"ReadAction\",\"target\":[\"https:\\\/\\\/if.com.tr\\\/index.php\\\/tr\\\/davetler\\\/\"]}]},{\"@type\":\"BreadcrumbList\",\"@id\":\"https:\\\/\\\/if.com.tr\\\/index.php\\\/tr\\\/davetler\\\/#breadcrumb\",\"itemListElement\":[{\"@type\":\"ListItem\",\"position\":1,\"name\":\"Anasayfa\",\"item\":\"https:\\\/\\\/if.com.tr\\\/\"},{\"@type\":\"ListItem\",\"position\":2,\"name\":\"Davetler\"}]},{\"@type\":\"WebSite\",\"@id\":\"https:\\\/\\\/if.com.tr\\\/#website\",\"url\":\"https:\\\/\\\/if.com.tr\\\/\",\"name\":\"\",\"description\":\"\",\"potentialAction\":[{\"@type\":\"SearchAction\",\"target\":{\"@type\":\"EntryPoint\",\"urlTemplate\":\"https:\\\/\\\/if.com.tr\\\/?s={search_term_string}\"},\"query-input\":{\"@type\":\"PropertyValueSpecification\",\"valueRequired\":true,\"valueName\":\"search_term_string\"}}],\"inLanguage\":\"tr\"}]}<\/script>\n<!-- \/ Yoast SEO plugin. -->","yoast_head_json":{"title":"Davetler -","robots":{"index":"index","follow":"follow","max-snippet":"max-snippet:-1","max-image-preview":"max-image-preview:large","max-video-preview":"max-video-preview:-1"},"canonical":"https:\/\/if.com.tr\/index.php\/tr\/davetler\/","og_locale":"tr_TR","og_type":"article","og_title":"Davetler -","og_description":"Benin Mektup Fildi\u015fi Sahili Mektup Gabon Mektup 2 Mektup 1 Gambiya Davet mektubu G\u00fcney Sudan Mektup Nijer Mektup Nijerya Nijerya \u0130leti\u015fim Komisyonuna Mektup Mektup Senegal&hellip;","og_url":"https:\/\/if.com.tr\/index.php\/tr\/davetler\/","article_modified_time":"2022-11-15T10:58:13+00:00","twitter_card":"summary_large_image","schema":{"@context":"https:\/\/schema.org","@graph":[{"@type":"WebPage","@id":"https:\/\/if.com.tr\/index.php\/tr\/davetler\/","url":"https:\/\/if.com.tr\/index.php\/tr\/davetler\/","name":"Davetler -","isPartOf":{"@id":"https:\/\/if.com.tr\/#website"},"datePublished":"2022-08-16T18:27:17+00:00","dateModified":"2022-11-15T10:58:13+00:00","breadcrumb":{"@id":"https:\/\/if.com.tr\/index.php\/tr\/davetler\/#breadcrumb"},"inLanguage":"tr","potentialAction":[{"@type":"ReadAction","target":["https:\/\/if.com.tr\/index.php\/tr\/davetler\/"]}]},{"@type":"BreadcrumbList","@id":"https:\/\/if.com.tr\/index.php\/tr\/davetler\/#breadcrumb","itemListElement":[{"@type":"ListItem","position":1,"name":"Anasayfa","item":"https:\/\/if.com.tr\/"},{"@type":"ListItem","position":2,"name":"Davetler"}]},{"@type":"WebSite","@id":"https:\/\/if.com.tr\/#website","url":"https:\/\/if.com.tr\/","name":"","description":"","potentialAction":[{"@type":"SearchAction","target":{"@type":"EntryPoint","urlTemplate":"https:\/\/if.com.tr\/?s={search_term_string}"},"query-input":{"@type":"PropertyValueSpecification","valueRequired":true,"valueName":"search_term_string"}}],"inLanguage":"tr"}]}},"_links":{"self":[{"href":"https:\/\/if.com.tr\/index.php\/wp-json\/wp\/v2\/pages\/1467","targetHints":{"allow":["GET"]}}],"collection":[{"href":"https:\/\/if.com.tr\/index.php\/wp-json\/wp\/v2\/pages"}],"about":[{"href":"https:\/\/if.com.tr\/index.php\/wp-json\/wp\/v2\/types\/page"}],"author":[{"embeddable":true,"href":"https:\/\/if.com.tr\/index.php\/wp-json\/wp\/v2\/users\/1"}],"replies":[{"embeddable":true,"href":"https:\/\/if.com.tr\/index.php\/wp-json\/wp\/v2\/comments?post=1467"}],"version-history":[{"count":8,"href":"https:\/\/if.com.tr\/index.php\/wp-json\/wp\/v2\/pages\/1467\/revisions"}],"predecessor-version":[{"id":1616,"href":"https:\/\/if.com.tr\/index.php\/wp-json\/wp\/v2\/pages\/1467\/revisions\/1616"}],"wp:attachment":[{"href":"https:\/\/if.com.tr\/index.php\/wp-json\/wp\/v2\/media?parent=1467"}],"curies":[{"name":"wp","href":"https:\/\/api.w.org\/{rel}","templated":true}]}}